{"id":964,"date":"2024-02-16T15:24:18","date_gmt":"2024-02-16T14:24:18","guid":{"rendered":"https:\/\/dama-moe.de\/pl\/?page_id=964"},"modified":"2025-05-07T10:54:04","modified_gmt":"2025-05-07T08:54:04","slug":"formularz-zamowienia-specjalne-produkty-dla-firm-polskich-i-dama-moe","status":"publish","type":"page","link":"https:\/\/dama-moe.de\/pl\/formularz-zamowienia-specjalne-produkty-dla-firm-polskich-i-dama-moe\/","title":{"rendered":"Formularz zam\u00f3wienia"},"content":{"rendered":"<div class=\"wpforms-container wpforms-container-full wpforms-block wpforms-block-011dd3e5-c886-40da-b55e-10d1a12aedca\" id=\"wpforms-942\"><form id=\"wpforms-form-942\" class=\"wpforms-validate wpforms-form wpforms-ajax-form\" data-formid=\"942\" method=\"post\" enctype=\"multipart\/form-data\" action=\"\/pl\/wp-json\/wp\/v2\/pages\/964\" data-token=\"dcc3402125c55249888806ebf038dc46\" data-token-time=\"1777575541\"><noscript class=\"wpforms-error-noscript\">Aby wype\u0142ni\u0107 ten formularz, w\u0142\u0105cz obs\u0142ug\u0119 JavaScript w przegl\u0105darce.<\/noscript><div class=\"wpforms-field-container\"><div id=\"wpforms-942-field_0-container\" class=\"wpforms-field wpforms-field-name\" data-field-id=\"0\"><label class=\"wpforms-field-label\" for=\"wpforms-942-field_0\">Nazwa firmy  <span class=\"wpforms-required-label\">*<\/span><\/label><input type=\"text\" id=\"wpforms-942-field_0\" class=\"wpforms-field-large wpforms-field-required\" name=\"wpforms[fields][0]\" required><\/div><div id=\"wpforms-942-field_6-container\" class=\"wpforms-field wpforms-field-name\" data-field-id=\"6\"><label class=\"wpforms-field-label\">Dane osoby zamawiaj\u0105cej <span class=\"wpforms-required-label\">*<\/span><\/label><div class=\"wpforms-field-row wpforms-field-large\"><div class=\"wpforms-field-row-block wpforms-first wpforms-one-half\"><input type=\"text\" id=\"wpforms-942-field_6\" class=\"wpforms-field-name-first wpforms-field-required\" name=\"wpforms[fields][6][first]\" required><label for=\"wpforms-942-field_6\" class=\"wpforms-field-sublabel after\">Pierwszy<\/label><\/div><div class=\"wpforms-field-row-block wpforms-one-half\"><input type=\"text\" id=\"wpforms-942-field_6-last\" class=\"wpforms-field-name-last wpforms-field-required\" name=\"wpforms[fields][6][last]\" required><label for=\"wpforms-942-field_6-last\" class=\"wpforms-field-sublabel after\">Ostatni<\/label><\/div><\/div><\/div><div id=\"wpforms-942-field_15-container\" class=\"wpforms-field wpforms-field-textarea\" data-field-id=\"15\"><label class=\"wpforms-field-label\" for=\"wpforms-942-field_15\">Dane do faktury (adres, NIP UE) <span class=\"wpforms-required-label\">*<\/span><\/label><textarea id=\"wpforms-942-field_15\" class=\"wpforms-field-medium wpforms-field-required\" name=\"wpforms[fields][15]\" required><\/textarea><\/div><div id=\"wpforms-942-field_1-container\" class=\"wpforms-field wpforms-field-email\" data-field-id=\"1\"><label class=\"wpforms-field-label\" for=\"wpforms-942-field_1\">Adres e-mail <span class=\"wpforms-required-label\">*<\/span><\/label><input type=\"email\" id=\"wpforms-942-field_1\" class=\"wpforms-field-medium wpforms-field-required\" name=\"wpforms[fields][1]\" spellcheck=\"false\" required><\/div><div id=\"wpforms-942-field_9-container\" class=\"wpforms-field wpforms-field-select wpforms-field-select-style-classic\" data-field-id=\"9\"><label class=\"wpforms-field-label\" for=\"wpforms-942-field_9\">Niniejszym zamawiam wi\u0105\u017c\u0105co <span class=\"wpforms-required-label\">*<\/span><\/label><select id=\"wpforms-942-field_9\" class=\"wpforms-field-large wpforms-field-required\" name=\"wpforms[fields][9]\" required=\"required\"><option value=\"Czecklista Sprzeda\u017c w Niemczech (i na innych rynkach) + konsultacja telefoniczna\/wideo do 20 min. CENA: 100,00 EUR netto\"  class=\"choice-1 depth-1\"  >Czecklista Sprzeda\u017c w Niemczech (i na innych rynkach) + konsultacja telefoniczna\/wideo do 20 min. CENA: 100,00 EUR netto<\/option><option value=\"Wyb\u00f3r 2\"  class=\"choice-2 depth-1\"  >Wyb\u00f3r 2<\/option><option value=\"Wyb\u00f3r 3\"  class=\"choice-3 depth-1\"  >Wyb\u00f3r 3<\/option><\/select><\/div><div id=\"wpforms-942-field_2-container\" class=\"wpforms-field wpforms-field-textarea\" data-field-id=\"2\"><label class=\"wpforms-field-label\" for=\"wpforms-942-field_2\">Komentarz lub wiadomo\u015b\u0107<\/label><textarea id=\"wpforms-942-field_2\" class=\"wpforms-field-medium\" name=\"wpforms[fields][2]\" ><\/textarea><\/div><div id=\"wpforms-942-field_11-container\" class=\"wpforms-field wpforms-field-gdpr-checkbox\" data-field-id=\"11\"><label class=\"wpforms-field-label\">Zgoda RODO <span class=\"wpforms-required-label\">*<\/span><\/label><ul id=\"wpforms-942-field_11\" class=\"wpforms-field-required\"><li class=\"choice-1\"><input type=\"checkbox\" id=\"wpforms-942-field_11_1\" name=\"wpforms[fields][11][]\" value=\"Zgadzam si\u0119 na przechowywanie przes\u0142anych przeze mnie informacji w tej witrynie internetowej do cel\u00f3w udzielenia odpowiedzi na moje zapytanie.\" required ><label class=\"wpforms-field-label-inline\" for=\"wpforms-942-field_11_1\">Zgadzam si\u0119 na przechowywanie przes\u0142anych przeze mnie informacji w tej witrynie internetowej do cel\u00f3w udzielenia odpowiedzi na moje zapytanie.<\/label><\/li><\/ul><\/div><div id=\"wpforms-942-field_14-container\" class=\"wpforms-field wpforms-field-gdpr-checkbox\" data-field-id=\"14\"><label class=\"wpforms-field-label\">zap\u0142ata <span class=\"wpforms-required-label\">*<\/span><\/label><ul id=\"wpforms-942-field_14\" class=\"wpforms-field-required\"><li class=\"choice-1\"><input type=\"checkbox\" id=\"wpforms-942-field_14_1\" name=\"wpforms[fields][14][]\" value=\"Zobowi\u0105zuj\u0119 si\u0119 do pokrycia koszt\u00f3w zam\u00f3wienia w formie przelewu po potwierdzeniu przyj\u0119cia zam\u00f3wienia i przes\u0142aniu faktury przez DAMA Project Management CEE.\" required ><label class=\"wpforms-field-label-inline\" for=\"wpforms-942-field_14_1\">Zobowi\u0105zuj\u0119 si\u0119 do pokrycia koszt\u00f3w zam\u00f3wienia w formie przelewu po potwierdzeniu przyj\u0119cia zam\u00f3wienia i przes\u0142aniu faktury przez DAMA Project Management CEE.<\/label><\/li><\/ul><\/div><div id=\"wpforms-942-field_13-container\" class=\"wpforms-field wpforms-field-gdpr-checkbox\" data-field-id=\"13\"><label class=\"wpforms-field-label\">prawo do odst\u0105pienia od umowy <span class=\"wpforms-required-label\">*<\/span><\/label><ul id=\"wpforms-942-field_13\" class=\"wpforms-field-required\"><li class=\"choice-1\"><input type=\"checkbox\" id=\"wpforms-942-field_13_1\" name=\"wpforms[fields][13][]\" value=\"Wyra\u017cam zgod\u0119 na natychmiastowe (po dokonaniu przez mnie przelewu) spe\u0142nienie \u015bwiadczenia i dostarczenie tre\u015bci cyfrowej oraz przyjmuj\u0119 do wiadomo\u015bci, \u017ce wraz z ich dostarczeniem utrac\u0119 prawo odst\u0105pienia od umowy.\" required ><label class=\"wpforms-field-label-inline\" for=\"wpforms-942-field_13_1\">Wyra\u017cam zgod\u0119 na natychmiastowe (po dokonaniu przez mnie przelewu) spe\u0142nienie \u015bwiadczenia i dostarczenie tre\u015bci cyfrowej oraz przyjmuj\u0119 do wiadomo\u015bci, \u017ce wraz z ich dostarczeniem utrac\u0119 prawo odst\u0105pienia od umowy.<\/label><\/li><\/ul><\/div><\/div><!-- .wpforms-field-container --><div class=\"wpforms-submit-container\" ><input type=\"hidden\" name=\"wpforms[id]\" value=\"942\"><input type=\"hidden\" name=\"page_title\" value=\"\"><input type=\"hidden\" name=\"page_url\" value=\"https:\/\/dama-moe.de\/pl\/wp-json\/wp\/v2\/pages\/964\"><input type=\"hidden\" name=\"url_referer\" value=\"\"><button type=\"submit\" name=\"wpforms[submit]\" id=\"wpforms-submit-942\" class=\"wpforms-submit\" data-alt-text=\"Zamawiam....\" data-submit-text=\"Zamawiam\" aria-live=\"assertive\" value=\"wpforms-submit\">Zamawiam<\/button><img loading=\"lazy\" decoding=\"async\" src=\"https:\/\/dama-moe.de\/pl\/wp-content\/plugins\/wpforms-lite\/assets\/images\/submit-spin.svg\" class=\"wpforms-submit-spinner\" style=\"display: none;\" width=\"26\" height=\"26\" alt=\"Wczytywanie\"><\/div><\/form><\/div>  <!-- .wpforms-container -->","protected":false},"excerpt":{"rendered":"","protected":false},"author":1,"featured_media":0,"parent":0,"menu_order":0,"comment_status":"closed","ping_status":"closed","template":"","meta":{"neve_meta_sidebar":"","neve_meta_container":"","neve_meta_enable_content_width":"","neve_meta_content_width":0,"neve_meta_title_alignment":"","neve_meta_author_avatar":"","neve_post_elements_order":"","neve_meta_disable_header":"","neve_meta_disable_footer":"","neve_meta_disable_title":"","footnotes":""},"class_list":["post-964","page","type-page","status-publish","hentry"],"yoast_head":"<!-- This site is optimized with the Yoast SEO plugin v27.5 - https:\/\/yoast.com\/product\/yoast-seo-wordpress\/ -->\n<title>Formularz zam\u00f3wienia - DARIA MAK-WALTHER<\/title>\n<meta name=\"description\" content=\"Oferujemy informacje przedwst\u0119pne, kt\u00f3re pomog\u0119 Ci w przygotowaniu wprowadzenia Twoich produkt\u00f3w \/ us\u0142ug na rynki niemieckoj\u0119zyczne.\" \/>\n<meta name=\"robots\" content=\"index, follow, max-snippet:-1, max-image-preview:large, max-video-preview:-1\" \/>\n<link rel=\"canonical\" href=\"https:\/\/dama-moe.de\/pl\/formularz-zamowienia-specjalne-produkty-dla-firm-polskich-i-dama-moe\/\" \/>\n<meta property=\"og:locale\" content=\"pl_PL\" \/>\n<meta property=\"og:type\" content=\"article\" \/>\n<meta property=\"og:title\" content=\"Formularz zam\u00f3wienia - DARIA MAK-WALTHER\" \/>\n<meta property=\"og:description\" content=\"Oferujemy informacje przedwst\u0119pne, kt\u00f3re pomog\u0119 Ci w przygotowaniu wprowadzenia Twoich produkt\u00f3w \/ us\u0142ug na rynki niemieckoj\u0119zyczne.\" \/>\n<meta property=\"og:url\" content=\"https:\/\/dama-moe.de\/pl\/formularz-zamowienia-specjalne-produkty-dla-firm-polskich-i-dama-moe\/\" \/>\n<meta property=\"og:site_name\" content=\"DARIA MAK-WALTHER\" \/>\n<meta property=\"article:modified_time\" content=\"2025-05-07T08:54:04+00:00\" \/>\n<meta name=\"twitter:card\" content=\"summary_large_image\" \/>\n<script type=\"application\/ld+json\" class=\"yoast-schema-graph\">{\"@context\":\"https:\\\/\\\/schema.org\",\"@graph\":[{\"@type\":\"WebPage\",\"@id\":\"https:\\\/\\\/dama-moe.de\\\/pl\\\/formularz-zamowienia-specjalne-produkty-dla-firm-polskich-i-dama-moe\\\/\",\"url\":\"https:\\\/\\\/dama-moe.de\\\/pl\\\/formularz-zamowienia-specjalne-produkty-dla-firm-polskich-i-dama-moe\\\/\",\"name\":\"Formularz zam\u00f3wienia - DARIA MAK-WALTHER\",\"isPartOf\":{\"@id\":\"https:\\\/\\\/dama-moe.de\\\/pl\\\/#website\"},\"datePublished\":\"2024-02-16T14:24:18+00:00\",\"dateModified\":\"2025-05-07T08:54:04+00:00\",\"description\":\"Oferujemy informacje przedwst\u0119pne, kt\u00f3re pomog\u0119 Ci w przygotowaniu wprowadzenia Twoich produkt\u00f3w \\\/ us\u0142ug na rynki niemieckoj\u0119zyczne.\",\"breadcrumb\":{\"@id\":\"https:\\\/\\\/dama-moe.de\\\/pl\\\/formularz-zamowienia-specjalne-produkty-dla-firm-polskich-i-dama-moe\\\/#breadcrumb\"},\"inLanguage\":\"pl-PL\",\"potentialAction\":[{\"@type\":\"ReadAction\",\"target\":[\"https:\\\/\\\/dama-moe.de\\\/pl\\\/formularz-zamowienia-specjalne-produkty-dla-firm-polskich-i-dama-moe\\\/\"]}]},{\"@type\":\"BreadcrumbList\",\"@id\":\"https:\\\/\\\/dama-moe.de\\\/pl\\\/formularz-zamowienia-specjalne-produkty-dla-firm-polskich-i-dama-moe\\\/#breadcrumb\",\"itemListElement\":[{\"@type\":\"ListItem\",\"position\":1,\"name\":\"Startseite\",\"item\":\"https:\\\/\\\/dama-moe.de\\\/pl\\\/\"},{\"@type\":\"ListItem\",\"position\":2,\"name\":\"Formularz zam\u00f3wienia\"}]},{\"@type\":\"WebSite\",\"@id\":\"https:\\\/\\\/dama-moe.de\\\/pl\\\/#website\",\"url\":\"https:\\\/\\\/dama-moe.de\\\/pl\\\/\",\"name\":\"DARIA MAK-WALTHER\",\"description\":\"Wspieramy Ci\u0119 w internacjonalizacji\",\"publisher\":{\"@id\":\"https:\\\/\\\/dama-moe.de\\\/pl\\\/#organization\"},\"potentialAction\":[{\"@type\":\"SearchAction\",\"target\":{\"@type\":\"EntryPoint\",\"urlTemplate\":\"https:\\\/\\\/dama-moe.de\\\/pl\\\/?s={search_term_string}\"},\"query-input\":{\"@type\":\"PropertyValueSpecification\",\"valueRequired\":true,\"valueName\":\"search_term_string\"}}],\"inLanguage\":\"pl-PL\"},{\"@type\":\"Organization\",\"@id\":\"https:\\\/\\\/dama-moe.de\\\/pl\\\/#organization\",\"name\":\"DARIA MAK-WALTHER\",\"url\":\"https:\\\/\\\/dama-moe.de\\\/pl\\\/\",\"logo\":{\"@type\":\"ImageObject\",\"inLanguage\":\"pl-PL\",\"@id\":\"https:\\\/\\\/dama-moe.de\\\/pl\\\/#\\\/schema\\\/logo\\\/image\\\/\",\"url\":\"\",\"contentUrl\":\"\",\"caption\":\"DARIA MAK-WALTHER\"},\"image\":{\"@id\":\"https:\\\/\\\/dama-moe.de\\\/pl\\\/#\\\/schema\\\/logo\\\/image\\\/\"}}]}<\/script>\n<!-- \/ Yoast SEO plugin. -->","yoast_head_json":{"title":"Formularz zam\u00f3wienia - DARIA MAK-WALTHER","description":"Oferujemy informacje przedwst\u0119pne, kt\u00f3re pomog\u0119 Ci w przygotowaniu wprowadzenia Twoich produkt\u00f3w \/ us\u0142ug na rynki niemieckoj\u0119zyczne.","robots":{"index":"index","follow":"follow","max-snippet":"max-snippet:-1","max-image-preview":"max-image-preview:large","max-video-preview":"max-video-preview:-1"},"canonical":"https:\/\/dama-moe.de\/pl\/formularz-zamowienia-specjalne-produkty-dla-firm-polskich-i-dama-moe\/","og_locale":"pl_PL","og_type":"article","og_title":"Formularz zam\u00f3wienia - DARIA MAK-WALTHER","og_description":"Oferujemy informacje przedwst\u0119pne, kt\u00f3re pomog\u0119 Ci w przygotowaniu wprowadzenia Twoich produkt\u00f3w \/ us\u0142ug na rynki niemieckoj\u0119zyczne.","og_url":"https:\/\/dama-moe.de\/pl\/formularz-zamowienia-specjalne-produkty-dla-firm-polskich-i-dama-moe\/","og_site_name":"DARIA MAK-WALTHER","article_modified_time":"2025-05-07T08:54:04+00:00","twitter_card":"summary_large_image","schema":{"@context":"https:\/\/schema.org","@graph":[{"@type":"WebPage","@id":"https:\/\/dama-moe.de\/pl\/formularz-zamowienia-specjalne-produkty-dla-firm-polskich-i-dama-moe\/","url":"https:\/\/dama-moe.de\/pl\/formularz-zamowienia-specjalne-produkty-dla-firm-polskich-i-dama-moe\/","name":"Formularz zam\u00f3wienia - DARIA MAK-WALTHER","isPartOf":{"@id":"https:\/\/dama-moe.de\/pl\/#website"},"datePublished":"2024-02-16T14:24:18+00:00","dateModified":"2025-05-07T08:54:04+00:00","description":"Oferujemy informacje przedwst\u0119pne, kt\u00f3re pomog\u0119 Ci w przygotowaniu wprowadzenia Twoich produkt\u00f3w \/ us\u0142ug na rynki niemieckoj\u0119zyczne.","breadcrumb":{"@id":"https:\/\/dama-moe.de\/pl\/formularz-zamowienia-specjalne-produkty-dla-firm-polskich-i-dama-moe\/#breadcrumb"},"inLanguage":"pl-PL","potentialAction":[{"@type":"ReadAction","target":["https:\/\/dama-moe.de\/pl\/formularz-zamowienia-specjalne-produkty-dla-firm-polskich-i-dama-moe\/"]}]},{"@type":"BreadcrumbList","@id":"https:\/\/dama-moe.de\/pl\/formularz-zamowienia-specjalne-produkty-dla-firm-polskich-i-dama-moe\/#breadcrumb","itemListElement":[{"@type":"ListItem","position":1,"name":"Startseite","item":"https:\/\/dama-moe.de\/pl\/"},{"@type":"ListItem","position":2,"name":"Formularz zam\u00f3wienia"}]},{"@type":"WebSite","@id":"https:\/\/dama-moe.de\/pl\/#website","url":"https:\/\/dama-moe.de\/pl\/","name":"DARIA MAK-WALTHER","description":"Wspieramy Ci\u0119 w internacjonalizacji","publisher":{"@id":"https:\/\/dama-moe.de\/pl\/#organization"},"potentialAction":[{"@type":"SearchAction","target":{"@type":"EntryPoint","urlTemplate":"https:\/\/dama-moe.de\/pl\/?s={search_term_string}"},"query-input":{"@type":"PropertyValueSpecification","valueRequired":true,"valueName":"search_term_string"}}],"inLanguage":"pl-PL"},{"@type":"Organization","@id":"https:\/\/dama-moe.de\/pl\/#organization","name":"DARIA MAK-WALTHER","url":"https:\/\/dama-moe.de\/pl\/","logo":{"@type":"ImageObject","inLanguage":"pl-PL","@id":"https:\/\/dama-moe.de\/pl\/#\/schema\/logo\/image\/","url":"","contentUrl":"","caption":"DARIA MAK-WALTHER"},"image":{"@id":"https:\/\/dama-moe.de\/pl\/#\/schema\/logo\/image\/"}}]}},"_links":{"self":[{"href":"https:\/\/dama-moe.de\/pl\/wp-json\/wp\/v2\/pages\/964","targetHints":{"allow":["GET"]}}],"collection":[{"href":"https:\/\/dama-moe.de\/pl\/wp-json\/wp\/v2\/pages"}],"about":[{"href":"https:\/\/dama-moe.de\/pl\/wp-json\/wp\/v2\/types\/page"}],"author":[{"embeddable":true,"href":"https:\/\/dama-moe.de\/pl\/wp-json\/wp\/v2\/users\/1"}],"replies":[{"embeddable":true,"href":"https:\/\/dama-moe.de\/pl\/wp-json\/wp\/v2\/comments?post=964"}],"version-history":[{"count":2,"href":"https:\/\/dama-moe.de\/pl\/wp-json\/wp\/v2\/pages\/964\/revisions"}],"predecessor-version":[{"id":1065,"href":"https:\/\/dama-moe.de\/pl\/wp-json\/wp\/v2\/pages\/964\/revisions\/1065"}],"wp:attachment":[{"href":"https:\/\/dama-moe.de\/pl\/wp-json\/wp\/v2\/media?parent=964"}],"curies":[{"name":"wp","href":"https:\/\/api.w.org\/{rel}","templated":true}]}}