{"id":915,"date":"2024-02-16T15:54:46","date_gmt":"2024-02-16T14:54:46","guid":{"rendered":"https:\/\/dama-moe.de\/pl\/?page_id=915"},"modified":"2025-05-07T11:22:24","modified_gmt":"2025-05-07T09:22:24","slug":"sklep-ciekawe-publikacje-na-temat-wspolpracy-z-niemcami-i-dama-moe","status":"publish","type":"page","link":"https:\/\/dama-moe.de\/pl\/sklep-ciekawe-publikacje-na-temat-wspolpracy-z-niemcami-i-dama-moe\/","title":{"rendered":"SKLEP"},"content":{"rendered":"\n<div class=\"wp-block-columns is-layout-flex wp-container-core-columns-is-layout-9d6595d7 wp-block-columns-is-layout-flex\">\n<div class=\"wp-block-column is-vertically-aligned-center is-layout-flow wp-block-column-is-layout-flow\">\n<h2 class=\"wp-block-heading has-large-font-size\" style=\"text-transform:none\">Publikacje z naszego wydania<\/h2>\n\n\n\n<p style=\"font-size:15px\">Z naszej praktyki doradczej wiemy, co jest wa\u017cne dla firm i przedsi\u0119biorc\u00f3w, je\u015bli chodzi o kwestie internacjonalizacji i ekspansji na zagraniczne rynki. Dlatego nasz\u0105 misj\u0105 jest odfiltrowanie z bogactwa informacji tego, co jest potrzebne firmom.<\/p>\n\n\n\n<p style=\"font-size:15px\">Ale poniewa\u017c wiemy, \u017ce nie uda si\u0119 ogarn\u0105\u0107 wszystkich temat\u00f3w interesuj\u0105cych poszczeg\u00f3lnych przedsi\u0119biorc\u00f3w, zdecydowali\u015bmy si\u0119 na <strong>dodatkow\u0105 indywidualn\u0105 konsultacj\u0119 (telefoniczn\u0105 lub wideo)<\/strong>, kt\u00f3ra jest wliczona w cen\u0119 publikacji. &nbsp;Czas trwania konsultacji jest podany przy ka\u017cdej publikacji.<\/p>\n\n\n\n<p style=\"font-size:15px\">Je\u017celi interesuje Ci\u0119 jaki\u015b szczeg\u00f3lny temat, to<\/p>\n\n\n\n<div class=\"wp-block-buttons is-layout-flex wp-block-buttons-is-layout-flex\">\n<div class=\"wp-block-button is-style-primary\"><a class=\"wp-block-button__link wp-element-button\" href=\"https:\/\/dama-moe.de\/pl\/kontakt-pl\/\">wy\u015blij zapytanie<\/a><\/div>\n<\/div>\n\n\n\n<p><\/p>\n<\/div>\n<\/div>\n\n\n\n<div class=\"wp-block-media-text is-stacked-on-mobile\" style=\"grid-template-columns:30% auto\"><figure class=\"wp-block-media-text__media\"><img loading=\"lazy\" decoding=\"async\" width=\"774\" height=\"1024\" src=\"https:\/\/dama-moe.de\/pl\/wp-content\/uploads\/sites\/3\/2024\/02\/Okladka-sprzedaz-DE-774x1024.png\" alt=\"\" class=\"wp-image-923 size-full\" srcset=\"https:\/\/dama-moe.de\/pl\/wp-content\/uploads\/sites\/3\/2024\/02\/Okladka-sprzedaz-DE-774x1024.png 774w, https:\/\/dama-moe.de\/pl\/wp-content\/uploads\/sites\/3\/2024\/02\/Okladka-sprzedaz-DE-227x300.png 227w, https:\/\/dama-moe.de\/pl\/wp-content\/uploads\/sites\/3\/2024\/02\/Okladka-sprzedaz-DE-768x1016.png 768w, https:\/\/dama-moe.de\/pl\/wp-content\/uploads\/sites\/3\/2024\/02\/Okladka-sprzedaz-DE.png 943w\" sizes=\"auto, (max-width: 774px) 100vw, 774px\" \/><\/figure><div class=\"wp-block-media-text__content\">\n<p><\/p>\n\n\n\n<div class=\"wp-block-group is-vertical is-layout-flex wp-container-core-group-is-layout-8cf370e7 wp-block-group-is-layout-flex\">\n<div class=\"wp-block-group is-vertical is-layout-flex wp-container-core-group-is-layout-8cf370e7 wp-block-group-is-layout-flex\">\n<p class=\"has-text-align-left\" style=\"font-size:14px\">Wysoka jako\u015b\u0107 produktu lub us\u0142ugi liczy si\u0119 w zagranicznej ekspansji, a tym bardziej na wymagaj\u0105cym rynku niemieckim. Jednak najwa\u017cniejszym czynnikiem i zasad\u0105, dzi\u0119ki kt\u00f3rym osi\u0105gnie si\u0119 sukces na rynku mi\u0119dzynarodowym, jest dobrze opracowana koncepcja sprzeda\u017cy, poprzedzona analiz\u0105 rynku, w tym zaznajomienie si\u0119 z przepisami prawnymi, grup\u0105 docelow\u0105, dzia\u0142aniami marketingowymi i innymi wa\u017cnymi aspektami typowymi dla danego rynku.&nbsp;<\/p>\n\n\n\n<p class=\"has-text-align-left\" style=\"font-size:14px\">Opracowali\u015bmy 2 checklisty, kt\u00f3re pomog\u0105 Ci sprawdzi\u0107, czy Twoja firma jest przygotowana, aby efektywnie i skutecznie dzia\u0142a\u0107 za granic\u0105. Checklisty zawieraj\u0105 wskaz\u00f3wki z naszego dotychczasowego do\u015bwiadczenia w pracy z polskimi przedsi\u0119biorcami. Je\u017celi obszernie odpowiesz na pytania\/kwestie w nich zawarte, uwzgl\u0119dniaj\u0105c przy tym wskaz\u00f3wki, mo\u017cesz na tej podstawie opracowa\u0107 wst\u0119pny biznesplan\/strategi\u0119 ekspansji. Jednocze\u015bnie zobaczysz, co musi by\u0107 jeszcze wykonane z Twojej strony.&nbsp; Materia\u0142 przeznaczony jest zar\u00f3wno dla pocz\u0105tkuj\u0105cych, jak i przedsi\u0119biorc\u00f3w pragn\u0105cych odnie\u015b\u0107 wi\u0119ksze sukcesy nie tylko na rynku niemieckim.<\/p>\n\n\n\n<p class=\"has-text-align-left\" style=\"font-size:13px\"><em><strong>Wskaz\u00f3wki:<\/strong>  publikacja ma charakter informacyjny i nie obejmuje doradztwa prawnego w rozumieniu Federalnej ustawy o pozas\u0105dowej obs\u0142udze prawnej (niem. Gesetz \u00fcber aussergerichtliche Dienstleistungen), 2008 z p\u00f3\u017a. zm.                                                                                                                                            lub  kwestii ksi\u0119gowo-podatkowych. Publikacja jest tre\u015bci\u0105 cyfrow\u0105. Zam\u00f3wienie jej wi\u0105\u017ce si\u0119 z utrat\u0105 prawa do odst\u0105pienia od umowy. <\/em><\/p>\n\n\n\n<p class=\"has-text-align-left\" style=\"font-size:13px\"><strong>Format:<\/strong> pdf, A4, 18 stron, w tym 13 stron checklisty. <\/p>\n\n\n\n<p class=\"has-text-align-left\" style=\"font-size:15px\"><strong>Cena: <\/strong>100,00 EUR + VAT. <strong>UWAGA:<\/strong> W sk\u0142ad ceny wchodzi <strong>dodatkowo (opcjonalnie) do 20-minutowa konsultacja <\/strong>(telefoniczna lub wideo) w zwi\u0105zku z kwestiami zawartymi w publikacji.<\/p>\n<\/div>\n\n\n\n<p class=\"has-small-font-size\"><em>Publikacj\u0119 wysy\u0142amy na ukazany przez Ciebie adres mailowy po jej uprzednim op\u0142aceniu. Po wys\u0142aniu formularza zam\u00f3wienia otrzymujesz potwierdzenie oraz faktur\u0119 VAT.<\/em><\/p>\n<\/div>\n\n\n\n<div class=\"wp-block-buttons is-content-justification-center is-layout-flex wp-container-core-buttons-is-layout-16018d1d wp-block-buttons-is-layout-flex\">\n<div class=\"wp-block-button has-custom-width wp-block-button__width-25 has-custom-font-size is-style-primary has-medium-font-size\"><a class=\"wp-block-button__link wp-element-button\" href=\"https:\/\/dama-moe.de\/pl\/formularz-zamowienia\/\" style=\"border-style:none;border-width:0px;border-radius:5px;padding-top:var(--wp--preset--spacing--30);padding-right:0;padding-bottom:var(--wp--preset--spacing--30);padding-left:0\"><strong>zamawiam<\/strong><\/a><\/div>\n<\/div>\n\n\n\n<p><\/p>\n\n\n\n<p><\/p>\n\n\n\n<p><\/p>\n<\/div><\/div>\n\n\n\n<p><\/p>\n","protected":false},"excerpt":{"rendered":"<p>Publikacje z naszego wydania Z naszej praktyki doradczej wiemy, co jest wa\u017cne dla firm i przedsi\u0119biorc\u00f3w, je\u015bli chodzi o kwestie internacjonalizacji i ekspansji na zagraniczne rynki. Dlatego nasz\u0105 misj\u0105 jest odfiltrowanie z bogactwa informacji tego, co jest potrzebne firmom. Ale poniewa\u017c wiemy, \u017ce nie uda si\u0119 ogarn\u0105\u0107 wszystkich temat\u00f3w interesuj\u0105cych poszczeg\u00f3lnych przedsi\u0119biorc\u00f3w, zdecydowali\u015bmy si\u0119 na&hellip;&nbsp;<a href=\"https:\/\/dama-moe.de\/pl\/sklep-ciekawe-publikacje-na-temat-wspolpracy-z-niemcami-i-dama-moe\/\" rel=\"bookmark\">Dowiedz si\u0119 wi\u0119cej &raquo;<span class=\"screen-reader-text\">SKLEP<\/span><\/a><\/p>\n","protected":false},"author":1,"featured_media":976,"parent":0,"menu_order":0,"comment_status":"closed","ping_status":"closed","template":"","meta":{"neve_meta_sidebar":"","neve_meta_container":"","neve_meta_enable_content_width":"","neve_meta_content_width":0,"neve_meta_title_alignment":"","neve_meta_author_avatar":"","neve_post_elements_order":"","neve_meta_disable_header":"","neve_meta_disable_footer":"","neve_meta_disable_title":"","footnotes":""},"class_list":["post-915","page","type-page","status-publish","has-post-thumbnail","hentry"],"yoast_head":"<!-- This site is optimized with the Yoast SEO plugin v27.4 - https:\/\/yoast.com\/product\/yoast-seo-wordpress\/ -->\n<title>SKLEP - DARIA MAK-WALTHER<\/title>\n<meta name=\"description\" content=\"Zakup ciekawe, indywidualne, przede wszystkim praktyczne publikacje, kt\u00f3re pomog\u0105 Ci osi\u0105gn\u0105\u0107 sukces na rynku niemieckim.\" \/>\n<meta name=\"robots\" content=\"index, follow, max-snippet:-1, max-image-preview:large, max-video-preview:-1\" \/>\n<link rel=\"canonical\" href=\"https:\/\/dama-moe.de\/pl\/sklep-ciekawe-publikacje-na-temat-wspolpracy-z-niemcami-i-dama-moe\/\" \/>\n<meta property=\"og:locale\" content=\"pl_PL\" \/>\n<meta property=\"og:type\" content=\"article\" \/>\n<meta property=\"og:title\" content=\"SKLEP - DARIA MAK-WALTHER\" \/>\n<meta property=\"og:description\" content=\"Zakup ciekawe, indywidualne, przede wszystkim praktyczne publikacje, kt\u00f3re pomog\u0105 Ci osi\u0105gn\u0105\u0107 sukces na rynku niemieckim.\" \/>\n<meta property=\"og:url\" content=\"https:\/\/dama-moe.de\/pl\/sklep-ciekawe-publikacje-na-temat-wspolpracy-z-niemcami-i-dama-moe\/\" \/>\n<meta property=\"og:site_name\" content=\"DARIA MAK-WALTHER\" \/>\n<meta property=\"article:modified_time\" content=\"2025-05-07T09:22:24+00:00\" \/>\n<meta property=\"og:image\" content=\"https:\/\/dama-moe.de\/pl\/wp-content\/uploads\/sites\/3\/2024\/02\/chatbot-img-65cdfa6d379d7.jpeg\" \/>\n\t<meta property=\"og:image:width\" content=\"1984\" \/>\n\t<meta property=\"og:image:height\" content=\"1134\" \/>\n\t<meta property=\"og:image:type\" content=\"image\/jpeg\" \/>\n<meta name=\"twitter:card\" content=\"summary_large_image\" \/>\n<meta name=\"twitter:label1\" content=\"Szacowany czas czytania\" \/>\n\t<meta name=\"twitter:data1\" content=\"3 minuty\" \/>\n<script type=\"application\/ld+json\" class=\"yoast-schema-graph\">{\"@context\":\"https:\\\/\\\/schema.org\",\"@graph\":[{\"@type\":\"WebPage\",\"@id\":\"https:\\\/\\\/dama-moe.de\\\/pl\\\/sklep-ciekawe-publikacje-na-temat-wspolpracy-z-niemcami-i-dama-moe\\\/\",\"url\":\"https:\\\/\\\/dama-moe.de\\\/pl\\\/sklep-ciekawe-publikacje-na-temat-wspolpracy-z-niemcami-i-dama-moe\\\/\",\"name\":\"SKLEP - DARIA MAK-WALTHER\",\"isPartOf\":{\"@id\":\"https:\\\/\\\/dama-moe.de\\\/pl\\\/#website\"},\"primaryImageOfPage\":{\"@id\":\"https:\\\/\\\/dama-moe.de\\\/pl\\\/sklep-ciekawe-publikacje-na-temat-wspolpracy-z-niemcami-i-dama-moe\\\/#primaryimage\"},\"image\":{\"@id\":\"https:\\\/\\\/dama-moe.de\\\/pl\\\/sklep-ciekawe-publikacje-na-temat-wspolpracy-z-niemcami-i-dama-moe\\\/#primaryimage\"},\"thumbnailUrl\":\"https:\\\/\\\/dama-moe.de\\\/pl\\\/wp-content\\\/uploads\\\/sites\\\/3\\\/2024\\\/02\\\/chatbot-img-65cdfa6d379d7.jpeg\",\"datePublished\":\"2024-02-16T14:54:46+00:00\",\"dateModified\":\"2025-05-07T09:22:24+00:00\",\"description\":\"Zakup ciekawe, indywidualne, przede wszystkim praktyczne publikacje, kt\u00f3re pomog\u0105 Ci osi\u0105gn\u0105\u0107 sukces na rynku niemieckim.\",\"breadcrumb\":{\"@id\":\"https:\\\/\\\/dama-moe.de\\\/pl\\\/sklep-ciekawe-publikacje-na-temat-wspolpracy-z-niemcami-i-dama-moe\\\/#breadcrumb\"},\"inLanguage\":\"pl-PL\",\"potentialAction\":[{\"@type\":\"ReadAction\",\"target\":[\"https:\\\/\\\/dama-moe.de\\\/pl\\\/sklep-ciekawe-publikacje-na-temat-wspolpracy-z-niemcami-i-dama-moe\\\/\"]}]},{\"@type\":\"ImageObject\",\"inLanguage\":\"pl-PL\",\"@id\":\"https:\\\/\\\/dama-moe.de\\\/pl\\\/sklep-ciekawe-publikacje-na-temat-wspolpracy-z-niemcami-i-dama-moe\\\/#primaryimage\",\"url\":\"https:\\\/\\\/dama-moe.de\\\/pl\\\/wp-content\\\/uploads\\\/sites\\\/3\\\/2024\\\/02\\\/chatbot-img-65cdfa6d379d7.jpeg\",\"contentUrl\":\"https:\\\/\\\/dama-moe.de\\\/pl\\\/wp-content\\\/uploads\\\/sites\\\/3\\\/2024\\\/02\\\/chatbot-img-65cdfa6d379d7.jpeg\",\"width\":1984,\"height\":1134},{\"@type\":\"BreadcrumbList\",\"@id\":\"https:\\\/\\\/dama-moe.de\\\/pl\\\/sklep-ciekawe-publikacje-na-temat-wspolpracy-z-niemcami-i-dama-moe\\\/#breadcrumb\",\"itemListElement\":[{\"@type\":\"ListItem\",\"position\":1,\"name\":\"Startseite\",\"item\":\"https:\\\/\\\/dama-moe.de\\\/pl\\\/\"},{\"@type\":\"ListItem\",\"position\":2,\"name\":\"SKLEP\"}]},{\"@type\":\"WebSite\",\"@id\":\"https:\\\/\\\/dama-moe.de\\\/pl\\\/#website\",\"url\":\"https:\\\/\\\/dama-moe.de\\\/pl\\\/\",\"name\":\"DARIA MAK-WALTHER\",\"description\":\"Wspieramy Ci\u0119 w internacjonalizacji\",\"publisher\":{\"@id\":\"https:\\\/\\\/dama-moe.de\\\/pl\\\/#organization\"},\"potentialAction\":[{\"@type\":\"SearchAction\",\"target\":{\"@type\":\"EntryPoint\",\"urlTemplate\":\"https:\\\/\\\/dama-moe.de\\\/pl\\\/?s={search_term_string}\"},\"query-input\":{\"@type\":\"PropertyValueSpecification\",\"valueRequired\":true,\"valueName\":\"search_term_string\"}}],\"inLanguage\":\"pl-PL\"},{\"@type\":\"Organization\",\"@id\":\"https:\\\/\\\/dama-moe.de\\\/pl\\\/#organization\",\"name\":\"DARIA MAK-WALTHER\",\"url\":\"https:\\\/\\\/dama-moe.de\\\/pl\\\/\",\"logo\":{\"@type\":\"ImageObject\",\"inLanguage\":\"pl-PL\",\"@id\":\"https:\\\/\\\/dama-moe.de\\\/pl\\\/#\\\/schema\\\/logo\\\/image\\\/\",\"url\":\"\",\"contentUrl\":\"\",\"caption\":\"DARIA MAK-WALTHER\"},\"image\":{\"@id\":\"https:\\\/\\\/dama-moe.de\\\/pl\\\/#\\\/schema\\\/logo\\\/image\\\/\"}}]}<\/script>\n<!-- \/ Yoast SEO plugin. -->","yoast_head_json":{"title":"SKLEP - DARIA MAK-WALTHER","description":"Zakup ciekawe, indywidualne, przede wszystkim praktyczne publikacje, kt\u00f3re pomog\u0105 Ci osi\u0105gn\u0105\u0107 sukces na rynku niemieckim.","robots":{"index":"index","follow":"follow","max-snippet":"max-snippet:-1","max-image-preview":"max-image-preview:large","max-video-preview":"max-video-preview:-1"},"canonical":"https:\/\/dama-moe.de\/pl\/sklep-ciekawe-publikacje-na-temat-wspolpracy-z-niemcami-i-dama-moe\/","og_locale":"pl_PL","og_type":"article","og_title":"SKLEP - DARIA MAK-WALTHER","og_description":"Zakup ciekawe, indywidualne, przede wszystkim praktyczne publikacje, kt\u00f3re pomog\u0105 Ci osi\u0105gn\u0105\u0107 sukces na rynku niemieckim.","og_url":"https:\/\/dama-moe.de\/pl\/sklep-ciekawe-publikacje-na-temat-wspolpracy-z-niemcami-i-dama-moe\/","og_site_name":"DARIA MAK-WALTHER","article_modified_time":"2025-05-07T09:22:24+00:00","og_image":[{"width":1984,"height":1134,"url":"https:\/\/dama-moe.de\/pl\/wp-content\/uploads\/sites\/3\/2024\/02\/chatbot-img-65cdfa6d379d7.jpeg","type":"image\/jpeg"}],"twitter_card":"summary_large_image","twitter_misc":{"Szacowany czas czytania":"3 minuty"},"schema":{"@context":"https:\/\/schema.org","@graph":[{"@type":"WebPage","@id":"https:\/\/dama-moe.de\/pl\/sklep-ciekawe-publikacje-na-temat-wspolpracy-z-niemcami-i-dama-moe\/","url":"https:\/\/dama-moe.de\/pl\/sklep-ciekawe-publikacje-na-temat-wspolpracy-z-niemcami-i-dama-moe\/","name":"SKLEP - DARIA MAK-WALTHER","isPartOf":{"@id":"https:\/\/dama-moe.de\/pl\/#website"},"primaryImageOfPage":{"@id":"https:\/\/dama-moe.de\/pl\/sklep-ciekawe-publikacje-na-temat-wspolpracy-z-niemcami-i-dama-moe\/#primaryimage"},"image":{"@id":"https:\/\/dama-moe.de\/pl\/sklep-ciekawe-publikacje-na-temat-wspolpracy-z-niemcami-i-dama-moe\/#primaryimage"},"thumbnailUrl":"https:\/\/dama-moe.de\/pl\/wp-content\/uploads\/sites\/3\/2024\/02\/chatbot-img-65cdfa6d379d7.jpeg","datePublished":"2024-02-16T14:54:46+00:00","dateModified":"2025-05-07T09:22:24+00:00","description":"Zakup ciekawe, indywidualne, przede wszystkim praktyczne publikacje, kt\u00f3re pomog\u0105 Ci osi\u0105gn\u0105\u0107 sukces na rynku niemieckim.","breadcrumb":{"@id":"https:\/\/dama-moe.de\/pl\/sklep-ciekawe-publikacje-na-temat-wspolpracy-z-niemcami-i-dama-moe\/#breadcrumb"},"inLanguage":"pl-PL","potentialAction":[{"@type":"ReadAction","target":["https:\/\/dama-moe.de\/pl\/sklep-ciekawe-publikacje-na-temat-wspolpracy-z-niemcami-i-dama-moe\/"]}]},{"@type":"ImageObject","inLanguage":"pl-PL","@id":"https:\/\/dama-moe.de\/pl\/sklep-ciekawe-publikacje-na-temat-wspolpracy-z-niemcami-i-dama-moe\/#primaryimage","url":"https:\/\/dama-moe.de\/pl\/wp-content\/uploads\/sites\/3\/2024\/02\/chatbot-img-65cdfa6d379d7.jpeg","contentUrl":"https:\/\/dama-moe.de\/pl\/wp-content\/uploads\/sites\/3\/2024\/02\/chatbot-img-65cdfa6d379d7.jpeg","width":1984,"height":1134},{"@type":"BreadcrumbList","@id":"https:\/\/dama-moe.de\/pl\/sklep-ciekawe-publikacje-na-temat-wspolpracy-z-niemcami-i-dama-moe\/#breadcrumb","itemListElement":[{"@type":"ListItem","position":1,"name":"Startseite","item":"https:\/\/dama-moe.de\/pl\/"},{"@type":"ListItem","position":2,"name":"SKLEP"}]},{"@type":"WebSite","@id":"https:\/\/dama-moe.de\/pl\/#website","url":"https:\/\/dama-moe.de\/pl\/","name":"DARIA MAK-WALTHER","description":"Wspieramy Ci\u0119 w internacjonalizacji","publisher":{"@id":"https:\/\/dama-moe.de\/pl\/#organization"},"potentialAction":[{"@type":"SearchAction","target":{"@type":"EntryPoint","urlTemplate":"https:\/\/dama-moe.de\/pl\/?s={search_term_string}"},"query-input":{"@type":"PropertyValueSpecification","valueRequired":true,"valueName":"search_term_string"}}],"inLanguage":"pl-PL"},{"@type":"Organization","@id":"https:\/\/dama-moe.de\/pl\/#organization","name":"DARIA MAK-WALTHER","url":"https:\/\/dama-moe.de\/pl\/","logo":{"@type":"ImageObject","inLanguage":"pl-PL","@id":"https:\/\/dama-moe.de\/pl\/#\/schema\/logo\/image\/","url":"","contentUrl":"","caption":"DARIA MAK-WALTHER"},"image":{"@id":"https:\/\/dama-moe.de\/pl\/#\/schema\/logo\/image\/"}}]}},"_links":{"self":[{"href":"https:\/\/dama-moe.de\/pl\/wp-json\/wp\/v2\/pages\/915","targetHints":{"allow":["GET"]}}],"collection":[{"href":"https:\/\/dama-moe.de\/pl\/wp-json\/wp\/v2\/pages"}],"about":[{"href":"https:\/\/dama-moe.de\/pl\/wp-json\/wp\/v2\/types\/page"}],"author":[{"embeddable":true,"href":"https:\/\/dama-moe.de\/pl\/wp-json\/wp\/v2\/users\/1"}],"replies":[{"embeddable":true,"href":"https:\/\/dama-moe.de\/pl\/wp-json\/wp\/v2\/comments?post=915"}],"version-history":[{"count":35,"href":"https:\/\/dama-moe.de\/pl\/wp-json\/wp\/v2\/pages\/915\/revisions"}],"predecessor-version":[{"id":989,"href":"https:\/\/dama-moe.de\/pl\/wp-json\/wp\/v2\/pages\/915\/revisions\/989"}],"wp:featuredmedia":[{"embeddable":true,"href":"https:\/\/dama-moe.de\/pl\/wp-json\/wp\/v2\/media\/976"}],"wp:attachment":[{"href":"https:\/\/dama-moe.de\/pl\/wp-json\/wp\/v2\/media?parent=915"}],"curies":[{"name":"wp","href":"https:\/\/api.w.org\/{rel}","templated":true}]}}