{"id":809,"date":"2023-03-01T14:08:59","date_gmt":"2023-03-01T13:08:59","guid":{"rendered":"https:\/\/dama-moe.de\/pl\/?page_id=809"},"modified":"2025-06-26T16:46:22","modified_gmt":"2025-06-26T14:46:22","slug":"poleuropool-przedstawicielstwo-firm-polskich-w-niemczech-i-dama-moe","status":"publish","type":"page","link":"https:\/\/dama-moe.de\/pl\/poleuropool-przedstawicielstwo-firm-polskich-w-niemczech-i-dama-moe\/","title":{"rendered":"PolEuroPool"},"content":{"rendered":"\n<h2 class=\"wp-block-heading has-neve-link-color-color has-text-color\">Konsorcjum firm polskich w Niemczech<\/h2>\n\n\n\n<h2 class=\"wp-block-heading has-text-color has-large-font-size\" style=\"color:#d9112c\">Przedsi\u0119biorco, podbijaj rynki niemieckoj\u0119zyczne!<\/h2>\n\n\n\n<p>Wiele polskich przedsi\u0119biorstw odnosi ogromny sukces na rodzimym rynku, jednak\u017ce niewiele z nich aktywnie pr\u00f3buje swoich si\u0142 za granic\u0105. Ekspansja na nowe rynki jest dla polskich firm nadal przedsi\u0119wzi\u0119ciem dosy\u0107 trudnym i kosztownym. Nieznajomo\u015b\u0107 obowi\u0105zuj\u0105cego prawa, wymog\u00f3w np. ochrony \u015brodowiska, pracy, wprowadzenia do obiegu produkt\u00f3w i us\u0142ug, a tak\u017ce j\u0119zyka, mentalno\u015bci, brak wiedzy na temat zapotrzebowania klient\u00f3w, a tak\u017ce odpowiedniego do\u015bwiadczenia na rynkach zagranicznych utrudniaj\u0105 dodatkowo nawi\u0105zanie bezpo\u015brednich kontakt\u00f3w z partnerami biznesowymi z Niemiec i Europy Zachodniej. <\/p>\n\n\n\n<p>Aby m\u00f3c pracowa\u0107 <strong><mark style=\"background-color:rgba(0, 0, 0, 0)\" class=\"has-inline-color has-neve-link-color-color\">skutecznie<\/mark><\/strong> i uzyska\u0107 <strong><mark style=\"background-color:rgba(0, 0, 0, 0)\" class=\"has-inline-color has-neve-link-color-color\">optymalne wyniki<\/mark><\/strong> trzeba opanowywa\u0107 nowy rynek z ogromn\u0105 intensywno\u015bci\u0105, dopasowuj\u0105c w\u0142asne produkty i us\u0142ugi do wysokich oczekiwa\u0144 niemieckich i zachodnioeuropejskich klient\u00f3w i\/lub partner\u00f3w biznesowych. W tym celu utworzone zosta\u0142o przedstawicielstwo (konsorcjum) firm polskich PolEuroPool z siedzib\u0105 niedaleko m. Kassel. Po\u0142o\u017cone w samym \u015brodku Niemiec umo\u017cliwia ono swoim cz\u0142onkom korzystanie ze sta\u0142ej i efektywnej ochrony ich interes\u00f3w oraz z istniej\u0105cej infrastruktury na rynku docelowym. Planujemy utworzenie filii w Hamburgu oraz na po\u0142udniu Niemiec. <\/p>\n\n\n\n<p>Ta bezpo\u015brednia obecno\u015b\u0107 gwarantuje bliski kontakt z klientami i partnerami biznesowymi, przy czym cz\u0142onkowie konsorcjum nie trac\u0105 cennego czasu na trudne nawi\u0105zywanie kontakt\u00f3w oraz ich utrzymywanie, wyb\u00f3r odpowiedniego regionu, aspekty podatkowe i kwestie zwi\u0105zane z uzyskaniem odpowiednich zezwole\u0144. Pomaga w tym do\u015bwiadczony, kompetentny i wieloj\u0119zyczny zesp\u00f3\u0142 ekspert\u00f3w i doradc\u00f3w.<\/p>\n\n\n\n<p class=\"has-medium-font-size\"><strong>Co nas wyr\u00f3\u017cnia? <\/strong><\/p>\n\n\n\n<p>Przede wszystkim idea <strong><mark style=\"background-color:rgba(0, 0, 0, 0)\" class=\"has-inline-color has-neve-link-color-color\">w\u0142a\u015bciwego doboru cz\u0142onk\u00f3w<\/mark>,<\/strong> wykluczaj\u0105ca wzajemn\u0105 konkurencj\u0119. Kierujemy si\u0119 przy tym <mark style=\"background-color:rgba(0, 0, 0, 0)\" class=\"has-inline-color has-neve-link-color-color\"><strong>efektem synergii <\/strong><\/mark>poprzez komplementarno\u015b\u0107 wyrob\u00f3w i us\u0142ug, wymian\u0119 wiedzy i do\u015bwiadczenia. Bardzo wa\u017cnym czynnikiem jest dla nas <mark style=\"background-color:rgba(0, 0, 0, 0)\" class=\"has-inline-color has-neve-link-color-color\"><strong>aktywne wsparcie<\/strong><\/mark> cz\u0142onk\u00f3w biura, ochrona ich interes\u00f3w na rynku niemieckim oraz kreowanie pozytywnego wizerunku cz\u0142onk\u00f3w. Dlatego bardzo szczeg\u00f3\u0142owo sprawdzamy firmy pragn\u0105ce przyst\u0105pi\u0107 do naszego elitarnego grona. <\/p>\n\n\n\n<p class=\"has-text-color\" style=\"color:#ea0911;font-size:19.5px\">Dla zainteresowanych wst\u0105pieniem do naszego konsorcjum przygotowali\u015bmy r\u00f3\u017cne pakiety. <strong>W przypadku zainteresowania prosimy o  <\/strong> <\/p>\n\n\n\n<div class=\"wp-block-buttons is-layout-flex wp-block-buttons-is-layout-flex\">\n<div class=\"wp-block-button is-style-primary\"><a class=\"wp-block-button__link wp-element-button\" href=\"https:\/\/dama-moe.de\/pl\/kontakt-pl\/\" style=\"border-radius:65px\">kontakt z nami<\/a><\/div>\n<\/div>\n\n\n\n<div class=\"wp-block-buttons is-horizontal is-layout-flex wp-block-buttons-is-layout-flex\"><\/div>\n\n\n\n<p><\/p>\n\n\n\n<p>lub um\u00f3w si\u0119 na rozmow\u0119 telefoniczn\u0105 w pasuj\u0105cym dla Ciebie terminie &#8211; zak\u0142adka <mark style=\"background-color:rgba(0, 0, 0, 0);color:#ef0a0a\" class=\"has-inline-color\"><strong>BOOK ONLNE NOW<\/strong><\/mark>  z lewej strony.<\/p>\n\n\n\n<div class=\"wp-block-buttons is-layout-flex wp-block-buttons-is-layout-flex\"><\/div>\n","protected":false},"excerpt":{"rendered":"<p>Konsorcjum firm polskich w Niemczech Przedsi\u0119biorco, podbijaj rynki niemieckoj\u0119zyczne! Wiele polskich przedsi\u0119biorstw odnosi ogromny sukces na rodzimym rynku, jednak\u017ce niewiele z nich aktywnie pr\u00f3buje swoich si\u0142 za granic\u0105. Ekspansja na nowe rynki jest dla polskich firm nadal przedsi\u0119wzi\u0119ciem dosy\u0107 trudnym i kosztownym. Nieznajomo\u015b\u0107 obowi\u0105zuj\u0105cego prawa, wymog\u00f3w np. ochrony \u015brodowiska, pracy, wprowadzenia do obiegu produkt\u00f3w i&hellip;&nbsp;<a href=\"https:\/\/dama-moe.de\/pl\/poleuropool-przedstawicielstwo-firm-polskich-w-niemczech-i-dama-moe\/\" rel=\"bookmark\">Dowiedz si\u0119 wi\u0119cej &raquo;<span class=\"screen-reader-text\">PolEuroPool<\/span><\/a><\/p>\n","protected":false},"author":1,"featured_media":0,"parent":0,"menu_order":0,"comment_status":"closed","ping_status":"closed","template":"","meta":{"neve_meta_sidebar":"","neve_meta_container":"","neve_meta_enable_content_width":"","neve_meta_content_width":0,"neve_meta_title_alignment":"","neve_meta_author_avatar":"","neve_post_elements_order":"","neve_meta_disable_header":"","neve_meta_disable_footer":"","neve_meta_disable_title":"","footnotes":""},"class_list":["post-809","page","type-page","status-publish","hentry"],"yoast_head":"<!-- This site is optimized with the Yoast SEO plugin v27.4 - https:\/\/yoast.com\/product\/yoast-seo-wordpress\/ -->\n<title>PolEuroPool - DARIA MAK-WALTHER<\/title>\n<meta name=\"description\" content=\"Oferujemy us\u0142ugi biurowe i przedstawicielstwa polskich firm i organizacji w Niemczech, aktywnie bronimy interes\u00f3w cz\u0142onk\u00f3w biura.\" \/>\n<meta name=\"robots\" content=\"index, follow, max-snippet:-1, max-image-preview:large, max-video-preview:-1\" \/>\n<link rel=\"canonical\" href=\"https:\/\/dama-moe.de\/pl\/poleuropool-przedstawicielstwo-firm-polskich-w-niemczech-i-dama-moe\/\" \/>\n<meta property=\"og:locale\" content=\"pl_PL\" \/>\n<meta property=\"og:type\" content=\"article\" \/>\n<meta property=\"og:title\" content=\"PolEuroPool - DARIA MAK-WALTHER\" \/>\n<meta property=\"og:description\" content=\"Oferujemy us\u0142ugi biurowe i przedstawicielstwa polskich firm i organizacji w Niemczech, aktywnie bronimy interes\u00f3w cz\u0142onk\u00f3w biura.\" \/>\n<meta property=\"og:url\" content=\"https:\/\/dama-moe.de\/pl\/poleuropool-przedstawicielstwo-firm-polskich-w-niemczech-i-dama-moe\/\" \/>\n<meta property=\"og:site_name\" content=\"DARIA MAK-WALTHER\" \/>\n<meta property=\"article:modified_time\" content=\"2025-06-26T14:46:22+00:00\" \/>\n<meta name=\"twitter:card\" content=\"summary_large_image\" \/>\n<meta name=\"twitter:label1\" content=\"Szacowany czas czytania\" \/>\n\t<meta name=\"twitter:data1\" content=\"2 minuty\" \/>\n<script type=\"application\/ld+json\" class=\"yoast-schema-graph\">{\"@context\":\"https:\\\/\\\/schema.org\",\"@graph\":[{\"@type\":\"WebPage\",\"@id\":\"https:\\\/\\\/dama-moe.de\\\/pl\\\/poleuropool-przedstawicielstwo-firm-polskich-w-niemczech-i-dama-moe\\\/\",\"url\":\"https:\\\/\\\/dama-moe.de\\\/pl\\\/poleuropool-przedstawicielstwo-firm-polskich-w-niemczech-i-dama-moe\\\/\",\"name\":\"PolEuroPool - DARIA MAK-WALTHER\",\"isPartOf\":{\"@id\":\"https:\\\/\\\/dama-moe.de\\\/pl\\\/#website\"},\"datePublished\":\"2023-03-01T13:08:59+00:00\",\"dateModified\":\"2025-06-26T14:46:22+00:00\",\"description\":\"Oferujemy us\u0142ugi biurowe i przedstawicielstwa polskich firm i organizacji w Niemczech, aktywnie bronimy interes\u00f3w cz\u0142onk\u00f3w biura.\",\"breadcrumb\":{\"@id\":\"https:\\\/\\\/dama-moe.de\\\/pl\\\/poleuropool-przedstawicielstwo-firm-polskich-w-niemczech-i-dama-moe\\\/#breadcrumb\"},\"inLanguage\":\"pl-PL\",\"potentialAction\":[{\"@type\":\"ReadAction\",\"target\":[\"https:\\\/\\\/dama-moe.de\\\/pl\\\/poleuropool-przedstawicielstwo-firm-polskich-w-niemczech-i-dama-moe\\\/\"]}]},{\"@type\":\"BreadcrumbList\",\"@id\":\"https:\\\/\\\/dama-moe.de\\\/pl\\\/poleuropool-przedstawicielstwo-firm-polskich-w-niemczech-i-dama-moe\\\/#breadcrumb\",\"itemListElement\":[{\"@type\":\"ListItem\",\"position\":1,\"name\":\"Startseite\",\"item\":\"https:\\\/\\\/dama-moe.de\\\/pl\\\/\"},{\"@type\":\"ListItem\",\"position\":2,\"name\":\"PolEuroPool\"}]},{\"@type\":\"WebSite\",\"@id\":\"https:\\\/\\\/dama-moe.de\\\/pl\\\/#website\",\"url\":\"https:\\\/\\\/dama-moe.de\\\/pl\\\/\",\"name\":\"DARIA MAK-WALTHER\",\"description\":\"Wspieramy Ci\u0119 w internacjonalizacji\",\"publisher\":{\"@id\":\"https:\\\/\\\/dama-moe.de\\\/pl\\\/#organization\"},\"potentialAction\":[{\"@type\":\"SearchAction\",\"target\":{\"@type\":\"EntryPoint\",\"urlTemplate\":\"https:\\\/\\\/dama-moe.de\\\/pl\\\/?s={search_term_string}\"},\"query-input\":{\"@type\":\"PropertyValueSpecification\",\"valueRequired\":true,\"valueName\":\"search_term_string\"}}],\"inLanguage\":\"pl-PL\"},{\"@type\":\"Organization\",\"@id\":\"https:\\\/\\\/dama-moe.de\\\/pl\\\/#organization\",\"name\":\"DARIA MAK-WALTHER\",\"url\":\"https:\\\/\\\/dama-moe.de\\\/pl\\\/\",\"logo\":{\"@type\":\"ImageObject\",\"inLanguage\":\"pl-PL\",\"@id\":\"https:\\\/\\\/dama-moe.de\\\/pl\\\/#\\\/schema\\\/logo\\\/image\\\/\",\"url\":\"\",\"contentUrl\":\"\",\"caption\":\"DARIA MAK-WALTHER\"},\"image\":{\"@id\":\"https:\\\/\\\/dama-moe.de\\\/pl\\\/#\\\/schema\\\/logo\\\/image\\\/\"}}]}<\/script>\n<!-- \/ Yoast SEO plugin. -->","yoast_head_json":{"title":"PolEuroPool - DARIA MAK-WALTHER","description":"Oferujemy us\u0142ugi biurowe i przedstawicielstwa polskich firm i organizacji w Niemczech, aktywnie bronimy interes\u00f3w cz\u0142onk\u00f3w biura.","robots":{"index":"index","follow":"follow","max-snippet":"max-snippet:-1","max-image-preview":"max-image-preview:large","max-video-preview":"max-video-preview:-1"},"canonical":"https:\/\/dama-moe.de\/pl\/poleuropool-przedstawicielstwo-firm-polskich-w-niemczech-i-dama-moe\/","og_locale":"pl_PL","og_type":"article","og_title":"PolEuroPool - DARIA MAK-WALTHER","og_description":"Oferujemy us\u0142ugi biurowe i przedstawicielstwa polskich firm i organizacji w Niemczech, aktywnie bronimy interes\u00f3w cz\u0142onk\u00f3w biura.","og_url":"https:\/\/dama-moe.de\/pl\/poleuropool-przedstawicielstwo-firm-polskich-w-niemczech-i-dama-moe\/","og_site_name":"DARIA MAK-WALTHER","article_modified_time":"2025-06-26T14:46:22+00:00","twitter_card":"summary_large_image","twitter_misc":{"Szacowany czas czytania":"2 minuty"},"schema":{"@context":"https:\/\/schema.org","@graph":[{"@type":"WebPage","@id":"https:\/\/dama-moe.de\/pl\/poleuropool-przedstawicielstwo-firm-polskich-w-niemczech-i-dama-moe\/","url":"https:\/\/dama-moe.de\/pl\/poleuropool-przedstawicielstwo-firm-polskich-w-niemczech-i-dama-moe\/","name":"PolEuroPool - DARIA MAK-WALTHER","isPartOf":{"@id":"https:\/\/dama-moe.de\/pl\/#website"},"datePublished":"2023-03-01T13:08:59+00:00","dateModified":"2025-06-26T14:46:22+00:00","description":"Oferujemy us\u0142ugi biurowe i przedstawicielstwa polskich firm i organizacji w Niemczech, aktywnie bronimy interes\u00f3w cz\u0142onk\u00f3w biura.","breadcrumb":{"@id":"https:\/\/dama-moe.de\/pl\/poleuropool-przedstawicielstwo-firm-polskich-w-niemczech-i-dama-moe\/#breadcrumb"},"inLanguage":"pl-PL","potentialAction":[{"@type":"ReadAction","target":["https:\/\/dama-moe.de\/pl\/poleuropool-przedstawicielstwo-firm-polskich-w-niemczech-i-dama-moe\/"]}]},{"@type":"BreadcrumbList","@id":"https:\/\/dama-moe.de\/pl\/poleuropool-przedstawicielstwo-firm-polskich-w-niemczech-i-dama-moe\/#breadcrumb","itemListElement":[{"@type":"ListItem","position":1,"name":"Startseite","item":"https:\/\/dama-moe.de\/pl\/"},{"@type":"ListItem","position":2,"name":"PolEuroPool"}]},{"@type":"WebSite","@id":"https:\/\/dama-moe.de\/pl\/#website","url":"https:\/\/dama-moe.de\/pl\/","name":"DARIA MAK-WALTHER","description":"Wspieramy Ci\u0119 w internacjonalizacji","publisher":{"@id":"https:\/\/dama-moe.de\/pl\/#organization"},"potentialAction":[{"@type":"SearchAction","target":{"@type":"EntryPoint","urlTemplate":"https:\/\/dama-moe.de\/pl\/?s={search_term_string}"},"query-input":{"@type":"PropertyValueSpecification","valueRequired":true,"valueName":"search_term_string"}}],"inLanguage":"pl-PL"},{"@type":"Organization","@id":"https:\/\/dama-moe.de\/pl\/#organization","name":"DARIA MAK-WALTHER","url":"https:\/\/dama-moe.de\/pl\/","logo":{"@type":"ImageObject","inLanguage":"pl-PL","@id":"https:\/\/dama-moe.de\/pl\/#\/schema\/logo\/image\/","url":"","contentUrl":"","caption":"DARIA MAK-WALTHER"},"image":{"@id":"https:\/\/dama-moe.de\/pl\/#\/schema\/logo\/image\/"}}]}},"_links":{"self":[{"href":"https:\/\/dama-moe.de\/pl\/wp-json\/wp\/v2\/pages\/809","targetHints":{"allow":["GET"]}}],"collection":[{"href":"https:\/\/dama-moe.de\/pl\/wp-json\/wp\/v2\/pages"}],"about":[{"href":"https:\/\/dama-moe.de\/pl\/wp-json\/wp\/v2\/types\/page"}],"author":[{"embeddable":true,"href":"https:\/\/dama-moe.de\/pl\/wp-json\/wp\/v2\/users\/1"}],"replies":[{"embeddable":true,"href":"https:\/\/dama-moe.de\/pl\/wp-json\/wp\/v2\/comments?post=809"}],"version-history":[{"count":10,"href":"https:\/\/dama-moe.de\/pl\/wp-json\/wp\/v2\/pages\/809\/revisions"}],"predecessor-version":[{"id":1110,"href":"https:\/\/dama-moe.de\/pl\/wp-json\/wp\/v2\/pages\/809\/revisions\/1110"}],"wp:attachment":[{"href":"https:\/\/dama-moe.de\/pl\/wp-json\/wp\/v2\/media?parent=809"}],"curies":[{"name":"wp","href":"https:\/\/api.w.org\/{rel}","templated":true}]}}