{"id":480,"date":"2023-02-09T12:52:20","date_gmt":"2023-02-09T11:52:20","guid":{"rendered":"https:\/\/dama-moe.de\/pl\/?page_id=480"},"modified":"2025-05-07T10:47:37","modified_gmt":"2025-05-07T08:47:37","slug":"organizacja-imprez-eventow-skutecznosc-i-praktyka-i-dama-moe","status":"publish","type":"page","link":"https:\/\/dama-moe.de\/pl\/organizacja-imprez-eventow-skutecznosc-i-praktyka-i-dama-moe\/","title":{"rendered":"Organizacja imprez \/ event\u00f3w"},"content":{"rendered":"\n<ul class=\"wp-block-list\">\n<li>(Wsp\u00f3\u0142) organizacja warsztat\u00f3w, seminari\u00f3w, konferencji, misji gospodarczych, spotka\u0144 B2B, podr\u00f3\u017cy s\u0142u\u017cbowych itp.<\/li>\n\n\n\n<li>organizacja imprez targowo-wystawienniczych: doradztwo, przygotowanie, planowanie np. spotka\u0144 na stoiskach, obs\u0142uga stoiska, koordynacja dzia\u0142a\u0144 po targach. Konkretnymi us\u0142ugami mog\u0105 by\u0107 np.: kontakt z organizatorem targ\u00f3w, doradztwo polegaj\u0105ce na przygotowaniu odpowiednich materia\u0142\u00f3w promocyjnych, organizacja spotka\u0144 z potencjalnymi partnerami biznesowymi (przygotowanie bazy danych, selekcja partner\u00f3w wed\u0142ug wskazanych kryteri\u00f3w, przygotowanie profilu i oferty firmy polskiej w j. niemieckim, rozes\u0142anie propozycji handlowej i zaproszenie potencjalnych klient\u00f3w\/partner\u00f3w na odwiedzenie stoiska i um\u00f3wienie spotka\u0144 na targach, reklama w mediach targowych i danej bran\u017cy na rynku docelowym (czasopismach, portalach internetowych itp.), wsparcie przy rozmowach z kontrahentami i in. <\/li>\n<\/ul>\n","protected":false},"excerpt":{"rendered":"","protected":false},"author":1,"featured_media":0,"parent":0,"menu_order":0,"comment_status":"closed","ping_status":"closed","template":"","meta":{"neve_meta_sidebar":"","neve_meta_container":"","neve_meta_enable_content_width":"","neve_meta_content_width":0,"neve_meta_title_alignment":"","neve_meta_author_avatar":"","neve_post_elements_order":"","neve_meta_disable_header":"","neve_meta_disable_footer":"","neve_meta_disable_title":"","footnotes":""},"class_list":["post-480","page","type-page","status-publish","hentry"],"yoast_head":"<!-- This site is optimized with the Yoast SEO plugin v27.4 - https:\/\/yoast.com\/product\/yoast-seo-wordpress\/ -->\n<title>Organizacja imprez \/ event\u00f3w - DARIA MAK-WALTHER<\/title>\n<meta name=\"description\" content=\"D\u0142ugoletnia praktyka we wsparciu firm i organizacji, je\u017celi chodzi o uczestnictwo w targach na rynku niemieckim, organizacji misji handlowych\" \/>\n<meta name=\"robots\" content=\"index, follow, max-snippet:-1, max-image-preview:large, max-video-preview:-1\" \/>\n<link rel=\"canonical\" href=\"https:\/\/dama-moe.de\/pl\/organizacja-imprez-eventow-skutecznosc-i-praktyka-i-dama-moe\/\" \/>\n<meta property=\"og:locale\" content=\"pl_PL\" \/>\n<meta property=\"og:type\" content=\"article\" \/>\n<meta property=\"og:title\" content=\"Organizacja imprez \/ event\u00f3w - DARIA MAK-WALTHER\" \/>\n<meta property=\"og:description\" content=\"D\u0142ugoletnia praktyka we wsparciu firm i organizacji, je\u017celi chodzi o uczestnictwo w targach na rynku niemieckim, organizacji misji handlowych\" \/>\n<meta property=\"og:url\" content=\"https:\/\/dama-moe.de\/pl\/organizacja-imprez-eventow-skutecznosc-i-praktyka-i-dama-moe\/\" \/>\n<meta property=\"og:site_name\" content=\"DARIA MAK-WALTHER\" \/>\n<meta property=\"article:modified_time\" content=\"2025-05-07T08:47:37+00:00\" \/>\n<meta name=\"twitter:card\" content=\"summary_large_image\" \/>\n<meta name=\"twitter:label1\" content=\"Szacowany czas czytania\" \/>\n\t<meta name=\"twitter:data1\" content=\"1 minuta\" \/>\n<script type=\"application\/ld+json\" class=\"yoast-schema-graph\">{\"@context\":\"https:\\\/\\\/schema.org\",\"@graph\":[{\"@type\":\"WebPage\",\"@id\":\"https:\\\/\\\/dama-moe.de\\\/pl\\\/organizacja-imprez-eventow-skutecznosc-i-praktyka-i-dama-moe\\\/\",\"url\":\"https:\\\/\\\/dama-moe.de\\\/pl\\\/organizacja-imprez-eventow-skutecznosc-i-praktyka-i-dama-moe\\\/\",\"name\":\"Organizacja imprez \\\/ event\u00f3w - DARIA MAK-WALTHER\",\"isPartOf\":{\"@id\":\"https:\\\/\\\/dama-moe.de\\\/pl\\\/#website\"},\"datePublished\":\"2023-02-09T11:52:20+00:00\",\"dateModified\":\"2025-05-07T08:47:37+00:00\",\"description\":\"D\u0142ugoletnia praktyka we wsparciu firm i organizacji, je\u017celi chodzi o uczestnictwo w targach na rynku niemieckim, organizacji misji handlowych\",\"breadcrumb\":{\"@id\":\"https:\\\/\\\/dama-moe.de\\\/pl\\\/organizacja-imprez-eventow-skutecznosc-i-praktyka-i-dama-moe\\\/#breadcrumb\"},\"inLanguage\":\"pl-PL\",\"potentialAction\":[{\"@type\":\"ReadAction\",\"target\":[\"https:\\\/\\\/dama-moe.de\\\/pl\\\/organizacja-imprez-eventow-skutecznosc-i-praktyka-i-dama-moe\\\/\"]}]},{\"@type\":\"BreadcrumbList\",\"@id\":\"https:\\\/\\\/dama-moe.de\\\/pl\\\/organizacja-imprez-eventow-skutecznosc-i-praktyka-i-dama-moe\\\/#breadcrumb\",\"itemListElement\":[{\"@type\":\"ListItem\",\"position\":1,\"name\":\"Startseite\",\"item\":\"https:\\\/\\\/dama-moe.de\\\/pl\\\/\"},{\"@type\":\"ListItem\",\"position\":2,\"name\":\"Organizacja imprez \\\/ event\u00f3w\"}]},{\"@type\":\"WebSite\",\"@id\":\"https:\\\/\\\/dama-moe.de\\\/pl\\\/#website\",\"url\":\"https:\\\/\\\/dama-moe.de\\\/pl\\\/\",\"name\":\"DARIA MAK-WALTHER\",\"description\":\"Wspieramy Ci\u0119 w internacjonalizacji\",\"publisher\":{\"@id\":\"https:\\\/\\\/dama-moe.de\\\/pl\\\/#organization\"},\"potentialAction\":[{\"@type\":\"SearchAction\",\"target\":{\"@type\":\"EntryPoint\",\"urlTemplate\":\"https:\\\/\\\/dama-moe.de\\\/pl\\\/?s={search_term_string}\"},\"query-input\":{\"@type\":\"PropertyValueSpecification\",\"valueRequired\":true,\"valueName\":\"search_term_string\"}}],\"inLanguage\":\"pl-PL\"},{\"@type\":\"Organization\",\"@id\":\"https:\\\/\\\/dama-moe.de\\\/pl\\\/#organization\",\"name\":\"DARIA MAK-WALTHER\",\"url\":\"https:\\\/\\\/dama-moe.de\\\/pl\\\/\",\"logo\":{\"@type\":\"ImageObject\",\"inLanguage\":\"pl-PL\",\"@id\":\"https:\\\/\\\/dama-moe.de\\\/pl\\\/#\\\/schema\\\/logo\\\/image\\\/\",\"url\":\"\",\"contentUrl\":\"\",\"caption\":\"DARIA MAK-WALTHER\"},\"image\":{\"@id\":\"https:\\\/\\\/dama-moe.de\\\/pl\\\/#\\\/schema\\\/logo\\\/image\\\/\"}}]}<\/script>\n<!-- \/ Yoast SEO plugin. -->","yoast_head_json":{"title":"Organizacja imprez \/ event\u00f3w - DARIA MAK-WALTHER","description":"D\u0142ugoletnia praktyka we wsparciu firm i organizacji, je\u017celi chodzi o uczestnictwo w targach na rynku niemieckim, organizacji misji handlowych","robots":{"index":"index","follow":"follow","max-snippet":"max-snippet:-1","max-image-preview":"max-image-preview:large","max-video-preview":"max-video-preview:-1"},"canonical":"https:\/\/dama-moe.de\/pl\/organizacja-imprez-eventow-skutecznosc-i-praktyka-i-dama-moe\/","og_locale":"pl_PL","og_type":"article","og_title":"Organizacja imprez \/ event\u00f3w - DARIA MAK-WALTHER","og_description":"D\u0142ugoletnia praktyka we wsparciu firm i organizacji, je\u017celi chodzi o uczestnictwo w targach na rynku niemieckim, organizacji misji handlowych","og_url":"https:\/\/dama-moe.de\/pl\/organizacja-imprez-eventow-skutecznosc-i-praktyka-i-dama-moe\/","og_site_name":"DARIA MAK-WALTHER","article_modified_time":"2025-05-07T08:47:37+00:00","twitter_card":"summary_large_image","twitter_misc":{"Szacowany czas czytania":"1 minuta"},"schema":{"@context":"https:\/\/schema.org","@graph":[{"@type":"WebPage","@id":"https:\/\/dama-moe.de\/pl\/organizacja-imprez-eventow-skutecznosc-i-praktyka-i-dama-moe\/","url":"https:\/\/dama-moe.de\/pl\/organizacja-imprez-eventow-skutecznosc-i-praktyka-i-dama-moe\/","name":"Organizacja imprez \/ event\u00f3w - DARIA MAK-WALTHER","isPartOf":{"@id":"https:\/\/dama-moe.de\/pl\/#website"},"datePublished":"2023-02-09T11:52:20+00:00","dateModified":"2025-05-07T08:47:37+00:00","description":"D\u0142ugoletnia praktyka we wsparciu firm i organizacji, je\u017celi chodzi o uczestnictwo w targach na rynku niemieckim, organizacji misji handlowych","breadcrumb":{"@id":"https:\/\/dama-moe.de\/pl\/organizacja-imprez-eventow-skutecznosc-i-praktyka-i-dama-moe\/#breadcrumb"},"inLanguage":"pl-PL","potentialAction":[{"@type":"ReadAction","target":["https:\/\/dama-moe.de\/pl\/organizacja-imprez-eventow-skutecznosc-i-praktyka-i-dama-moe\/"]}]},{"@type":"BreadcrumbList","@id":"https:\/\/dama-moe.de\/pl\/organizacja-imprez-eventow-skutecznosc-i-praktyka-i-dama-moe\/#breadcrumb","itemListElement":[{"@type":"ListItem","position":1,"name":"Startseite","item":"https:\/\/dama-moe.de\/pl\/"},{"@type":"ListItem","position":2,"name":"Organizacja imprez \/ event\u00f3w"}]},{"@type":"WebSite","@id":"https:\/\/dama-moe.de\/pl\/#website","url":"https:\/\/dama-moe.de\/pl\/","name":"DARIA MAK-WALTHER","description":"Wspieramy Ci\u0119 w internacjonalizacji","publisher":{"@id":"https:\/\/dama-moe.de\/pl\/#organization"},"potentialAction":[{"@type":"SearchAction","target":{"@type":"EntryPoint","urlTemplate":"https:\/\/dama-moe.de\/pl\/?s={search_term_string}"},"query-input":{"@type":"PropertyValueSpecification","valueRequired":true,"valueName":"search_term_string"}}],"inLanguage":"pl-PL"},{"@type":"Organization","@id":"https:\/\/dama-moe.de\/pl\/#organization","name":"DARIA MAK-WALTHER","url":"https:\/\/dama-moe.de\/pl\/","logo":{"@type":"ImageObject","inLanguage":"pl-PL","@id":"https:\/\/dama-moe.de\/pl\/#\/schema\/logo\/image\/","url":"","contentUrl":"","caption":"DARIA MAK-WALTHER"},"image":{"@id":"https:\/\/dama-moe.de\/pl\/#\/schema\/logo\/image\/"}}]}},"_links":{"self":[{"href":"https:\/\/dama-moe.de\/pl\/wp-json\/wp\/v2\/pages\/480","targetHints":{"allow":["GET"]}}],"collection":[{"href":"https:\/\/dama-moe.de\/pl\/wp-json\/wp\/v2\/pages"}],"about":[{"href":"https:\/\/dama-moe.de\/pl\/wp-json\/wp\/v2\/types\/page"}],"author":[{"embeddable":true,"href":"https:\/\/dama-moe.de\/pl\/wp-json\/wp\/v2\/users\/1"}],"replies":[{"embeddable":true,"href":"https:\/\/dama-moe.de\/pl\/wp-json\/wp\/v2\/comments?post=480"}],"version-history":[{"count":7,"href":"https:\/\/dama-moe.de\/pl\/wp-json\/wp\/v2\/pages\/480\/revisions"}],"predecessor-version":[{"id":677,"href":"https:\/\/dama-moe.de\/pl\/wp-json\/wp\/v2\/pages\/480\/revisions\/677"}],"wp:attachment":[{"href":"https:\/\/dama-moe.de\/pl\/wp-json\/wp\/v2\/media?parent=480"}],"curies":[{"name":"wp","href":"https:\/\/api.w.org\/{rel}","templated":true}]}}