{"id":466,"date":"2023-02-09T12:24:32","date_gmt":"2023-02-09T11:24:32","guid":{"rendered":"https:\/\/dama-moe.de\/pl\/?page_id=466"},"modified":"2025-05-07T10:40:02","modified_gmt":"2025-05-07T08:40:02","slug":"badania-rynkow-studium-wykonalnosci-poznaj-rynki-krajow-niemieckojezycznych-niemiec-i-dama-moe","status":"publish","type":"page","link":"https:\/\/dama-moe.de\/pl\/badania-rynkow-studium-wykonalnosci-poznaj-rynki-krajow-niemieckojezycznych-niemiec-i-dama-moe\/","title":{"rendered":"Badania rynk\u00f3w \/ studium wykonalno\u015bci"},"content":{"rendered":"\n<ul class=\"wp-block-list\">\n<li>analiza \/ wsparcie w projektach badania rynku i konsultingu,<\/li>\n\n\n\n<li>ocena i weryfikacja danych firmowych, rynkowych i bran\u017cowych,<\/li>\n\n\n\n<li>badania i analizy tematyczne, sprawdzanie rynku i fakt\u00f3w<\/li>\n\n\n\n<li>sporz\u0105dzanie bada\u0144 rynkowych, studium wykonalno\u015bci i analiz SWOT<\/li>\n\n\n\n<li>inne w zale\u017cno\u015bci od potrzeb<\/li>\n<\/ul>\n","protected":false},"excerpt":{"rendered":"","protected":false},"author":1,"featured_media":0,"parent":0,"menu_order":0,"comment_status":"closed","ping_status":"closed","template":"","meta":{"neve_meta_sidebar":"default","neve_meta_container":"default","neve_meta_enable_content_width":"","neve_meta_content_width":70,"neve_meta_title_alignment":"","neve_meta_author_avatar":"","neve_post_elements_order":"","neve_meta_disable_header":"","neve_meta_disable_footer":"","neve_meta_disable_title":"","footnotes":""},"class_list":["post-466","page","type-page","status-publish","hentry"],"yoast_head":"<!-- This site is optimized with the Yoast SEO plugin v27.5 - https:\/\/yoast.com\/product\/yoast-seo-wordpress\/ -->\n<title>Badania rynk\u00f3w \/ studium wykonalno\u015bci - DARIA MAK-WALTHER<\/title>\n<meta name=\"description\" content=\"Prowadzimy badania i analizy rynku, stanowi\u0105ce pierwszy etap ekspansji, z uwzgl\u0119dnieniem reali\u00f3w Niemiec, Austrii, Francji i innych kraj\u00f3w.\" \/>\n<meta name=\"robots\" content=\"index, follow, max-snippet:-1, max-image-preview:large, max-video-preview:-1\" \/>\n<link rel=\"canonical\" href=\"https:\/\/dama-moe.de\/pl\/badania-rynkow-studium-wykonalnosci-poznaj-rynki-krajow-niemieckojezycznych-niemiec-i-dama-moe\/\" \/>\n<meta property=\"og:locale\" content=\"pl_PL\" \/>\n<meta property=\"og:type\" content=\"article\" \/>\n<meta property=\"og:title\" content=\"Badania rynk\u00f3w \/ studium wykonalno\u015bci - DARIA MAK-WALTHER\" \/>\n<meta property=\"og:description\" content=\"Prowadzimy badania i analizy rynku, stanowi\u0105ce pierwszy etap ekspansji, z uwzgl\u0119dnieniem reali\u00f3w Niemiec, Austrii, Francji i innych kraj\u00f3w.\" \/>\n<meta property=\"og:url\" content=\"https:\/\/dama-moe.de\/pl\/badania-rynkow-studium-wykonalnosci-poznaj-rynki-krajow-niemieckojezycznych-niemiec-i-dama-moe\/\" \/>\n<meta property=\"og:site_name\" content=\"DARIA MAK-WALTHER\" \/>\n<meta property=\"article:modified_time\" content=\"2025-05-07T08:40:02+00:00\" \/>\n<meta name=\"twitter:card\" content=\"summary_large_image\" \/>\n<meta name=\"twitter:label1\" content=\"Szacowany czas czytania\" \/>\n\t<meta name=\"twitter:data1\" content=\"1 minuta\" \/>\n<script type=\"application\/ld+json\" class=\"yoast-schema-graph\">{\"@context\":\"https:\\\/\\\/schema.org\",\"@graph\":[{\"@type\":\"WebPage\",\"@id\":\"https:\\\/\\\/dama-moe.de\\\/pl\\\/badania-rynkow-studium-wykonalnosci-poznaj-rynki-krajow-niemieckojezycznych-niemiec-i-dama-moe\\\/\",\"url\":\"https:\\\/\\\/dama-moe.de\\\/pl\\\/badania-rynkow-studium-wykonalnosci-poznaj-rynki-krajow-niemieckojezycznych-niemiec-i-dama-moe\\\/\",\"name\":\"Badania rynk\u00f3w \\\/ studium wykonalno\u015bci - DARIA MAK-WALTHER\",\"isPartOf\":{\"@id\":\"https:\\\/\\\/dama-moe.de\\\/pl\\\/#website\"},\"datePublished\":\"2023-02-09T11:24:32+00:00\",\"dateModified\":\"2025-05-07T08:40:02+00:00\",\"description\":\"Prowadzimy badania i analizy rynku, stanowi\u0105ce pierwszy etap ekspansji, z uwzgl\u0119dnieniem reali\u00f3w Niemiec, Austrii, Francji i innych kraj\u00f3w.\",\"breadcrumb\":{\"@id\":\"https:\\\/\\\/dama-moe.de\\\/pl\\\/badania-rynkow-studium-wykonalnosci-poznaj-rynki-krajow-niemieckojezycznych-niemiec-i-dama-moe\\\/#breadcrumb\"},\"inLanguage\":\"pl-PL\",\"potentialAction\":[{\"@type\":\"ReadAction\",\"target\":[\"https:\\\/\\\/dama-moe.de\\\/pl\\\/badania-rynkow-studium-wykonalnosci-poznaj-rynki-krajow-niemieckojezycznych-niemiec-i-dama-moe\\\/\"]}]},{\"@type\":\"BreadcrumbList\",\"@id\":\"https:\\\/\\\/dama-moe.de\\\/pl\\\/badania-rynkow-studium-wykonalnosci-poznaj-rynki-krajow-niemieckojezycznych-niemiec-i-dama-moe\\\/#breadcrumb\",\"itemListElement\":[{\"@type\":\"ListItem\",\"position\":1,\"name\":\"Startseite\",\"item\":\"https:\\\/\\\/dama-moe.de\\\/pl\\\/\"},{\"@type\":\"ListItem\",\"position\":2,\"name\":\"Badania rynk\u00f3w \\\/ studium wykonalno\u015bci\"}]},{\"@type\":\"WebSite\",\"@id\":\"https:\\\/\\\/dama-moe.de\\\/pl\\\/#website\",\"url\":\"https:\\\/\\\/dama-moe.de\\\/pl\\\/\",\"name\":\"DARIA MAK-WALTHER\",\"description\":\"Wspieramy Ci\u0119 w internacjonalizacji\",\"publisher\":{\"@id\":\"https:\\\/\\\/dama-moe.de\\\/pl\\\/#organization\"},\"potentialAction\":[{\"@type\":\"SearchAction\",\"target\":{\"@type\":\"EntryPoint\",\"urlTemplate\":\"https:\\\/\\\/dama-moe.de\\\/pl\\\/?s={search_term_string}\"},\"query-input\":{\"@type\":\"PropertyValueSpecification\",\"valueRequired\":true,\"valueName\":\"search_term_string\"}}],\"inLanguage\":\"pl-PL\"},{\"@type\":\"Organization\",\"@id\":\"https:\\\/\\\/dama-moe.de\\\/pl\\\/#organization\",\"name\":\"DARIA MAK-WALTHER\",\"url\":\"https:\\\/\\\/dama-moe.de\\\/pl\\\/\",\"logo\":{\"@type\":\"ImageObject\",\"inLanguage\":\"pl-PL\",\"@id\":\"https:\\\/\\\/dama-moe.de\\\/pl\\\/#\\\/schema\\\/logo\\\/image\\\/\",\"url\":\"\",\"contentUrl\":\"\",\"caption\":\"DARIA MAK-WALTHER\"},\"image\":{\"@id\":\"https:\\\/\\\/dama-moe.de\\\/pl\\\/#\\\/schema\\\/logo\\\/image\\\/\"}}]}<\/script>\n<!-- \/ Yoast SEO plugin. -->","yoast_head_json":{"title":"Badania rynk\u00f3w \/ studium wykonalno\u015bci - DARIA MAK-WALTHER","description":"Prowadzimy badania i analizy rynku, stanowi\u0105ce pierwszy etap ekspansji, z uwzgl\u0119dnieniem reali\u00f3w Niemiec, Austrii, Francji i innych kraj\u00f3w.","robots":{"index":"index","follow":"follow","max-snippet":"max-snippet:-1","max-image-preview":"max-image-preview:large","max-video-preview":"max-video-preview:-1"},"canonical":"https:\/\/dama-moe.de\/pl\/badania-rynkow-studium-wykonalnosci-poznaj-rynki-krajow-niemieckojezycznych-niemiec-i-dama-moe\/","og_locale":"pl_PL","og_type":"article","og_title":"Badania rynk\u00f3w \/ studium wykonalno\u015bci - DARIA MAK-WALTHER","og_description":"Prowadzimy badania i analizy rynku, stanowi\u0105ce pierwszy etap ekspansji, z uwzgl\u0119dnieniem reali\u00f3w Niemiec, Austrii, Francji i innych kraj\u00f3w.","og_url":"https:\/\/dama-moe.de\/pl\/badania-rynkow-studium-wykonalnosci-poznaj-rynki-krajow-niemieckojezycznych-niemiec-i-dama-moe\/","og_site_name":"DARIA MAK-WALTHER","article_modified_time":"2025-05-07T08:40:02+00:00","twitter_card":"summary_large_image","twitter_misc":{"Szacowany czas czytania":"1 minuta"},"schema":{"@context":"https:\/\/schema.org","@graph":[{"@type":"WebPage","@id":"https:\/\/dama-moe.de\/pl\/badania-rynkow-studium-wykonalnosci-poznaj-rynki-krajow-niemieckojezycznych-niemiec-i-dama-moe\/","url":"https:\/\/dama-moe.de\/pl\/badania-rynkow-studium-wykonalnosci-poznaj-rynki-krajow-niemieckojezycznych-niemiec-i-dama-moe\/","name":"Badania rynk\u00f3w \/ studium wykonalno\u015bci - DARIA MAK-WALTHER","isPartOf":{"@id":"https:\/\/dama-moe.de\/pl\/#website"},"datePublished":"2023-02-09T11:24:32+00:00","dateModified":"2025-05-07T08:40:02+00:00","description":"Prowadzimy badania i analizy rynku, stanowi\u0105ce pierwszy etap ekspansji, z uwzgl\u0119dnieniem reali\u00f3w Niemiec, Austrii, Francji i innych kraj\u00f3w.","breadcrumb":{"@id":"https:\/\/dama-moe.de\/pl\/badania-rynkow-studium-wykonalnosci-poznaj-rynki-krajow-niemieckojezycznych-niemiec-i-dama-moe\/#breadcrumb"},"inLanguage":"pl-PL","potentialAction":[{"@type":"ReadAction","target":["https:\/\/dama-moe.de\/pl\/badania-rynkow-studium-wykonalnosci-poznaj-rynki-krajow-niemieckojezycznych-niemiec-i-dama-moe\/"]}]},{"@type":"BreadcrumbList","@id":"https:\/\/dama-moe.de\/pl\/badania-rynkow-studium-wykonalnosci-poznaj-rynki-krajow-niemieckojezycznych-niemiec-i-dama-moe\/#breadcrumb","itemListElement":[{"@type":"ListItem","position":1,"name":"Startseite","item":"https:\/\/dama-moe.de\/pl\/"},{"@type":"ListItem","position":2,"name":"Badania rynk\u00f3w \/ studium wykonalno\u015bci"}]},{"@type":"WebSite","@id":"https:\/\/dama-moe.de\/pl\/#website","url":"https:\/\/dama-moe.de\/pl\/","name":"DARIA MAK-WALTHER","description":"Wspieramy Ci\u0119 w internacjonalizacji","publisher":{"@id":"https:\/\/dama-moe.de\/pl\/#organization"},"potentialAction":[{"@type":"SearchAction","target":{"@type":"EntryPoint","urlTemplate":"https:\/\/dama-moe.de\/pl\/?s={search_term_string}"},"query-input":{"@type":"PropertyValueSpecification","valueRequired":true,"valueName":"search_term_string"}}],"inLanguage":"pl-PL"},{"@type":"Organization","@id":"https:\/\/dama-moe.de\/pl\/#organization","name":"DARIA MAK-WALTHER","url":"https:\/\/dama-moe.de\/pl\/","logo":{"@type":"ImageObject","inLanguage":"pl-PL","@id":"https:\/\/dama-moe.de\/pl\/#\/schema\/logo\/image\/","url":"","contentUrl":"","caption":"DARIA MAK-WALTHER"},"image":{"@id":"https:\/\/dama-moe.de\/pl\/#\/schema\/logo\/image\/"}}]}},"_links":{"self":[{"href":"https:\/\/dama-moe.de\/pl\/wp-json\/wp\/v2\/pages\/466","targetHints":{"allow":["GET"]}}],"collection":[{"href":"https:\/\/dama-moe.de\/pl\/wp-json\/wp\/v2\/pages"}],"about":[{"href":"https:\/\/dama-moe.de\/pl\/wp-json\/wp\/v2\/types\/page"}],"author":[{"embeddable":true,"href":"https:\/\/dama-moe.de\/pl\/wp-json\/wp\/v2\/users\/1"}],"replies":[{"embeddable":true,"href":"https:\/\/dama-moe.de\/pl\/wp-json\/wp\/v2\/comments?post=466"}],"version-history":[{"count":4,"href":"https:\/\/dama-moe.de\/pl\/wp-json\/wp\/v2\/pages\/466\/revisions"}],"predecessor-version":[{"id":701,"href":"https:\/\/dama-moe.de\/pl\/wp-json\/wp\/v2\/pages\/466\/revisions\/701"}],"wp:attachment":[{"href":"https:\/\/dama-moe.de\/pl\/wp-json\/wp\/v2\/media?parent=466"}],"curies":[{"name":"wp","href":"https:\/\/api.w.org\/{rel}","templated":true}]}}