{"id":484,"date":"2023-02-09T12:54:56","date_gmt":"2023-02-09T11:54:56","guid":{"rendered":"https:\/\/dama-moe.de\/en\/?page_id=484"},"modified":"2023-02-09T13:31:29","modified_gmt":"2023-02-09T12:31:29","slug":"dienstleistung-5","status":"publish","type":"page","link":"https:\/\/dama-moe.de\/en\/dienstleistung-5\/","title":{"rendered":"\u00dcbersetzungen (beglaubigt)"},"content":{"rendered":"\n<p><\/p>\n\n\n\n<p>Bei grenz\u00fcberschreitenden Projekten sind \u00dcbersetzungen unerl\u00e4sslich. Die Wahl des  \u00dcbersetzers und \/oder Dolmetschers kann einen Einfluss auf Ihr Image haben bzw. (negative) rechtliche Konsequenzen nach sich ziehen. <\/p>\n\n\n\n<p>Ich bin durch die Pr\u00e4sidentin des Landgerichts Kassel allgemein erm\u00e4chtigte \u00dcbersetzerin f\u00fcr die Sprachen Russisch und Polnisch (<a href=\"https:\/\/www.gerichts-dolmetscher.de\/Recherche\/de\/Suchen\">Dolmetscher- und \u00dcbersetzerdatenbank<\/a>)  F\u00fcr Beh\u00f6rden und \u00f6ffentliche Einrichtungen gelten Preise laut dem aktuellen Justizverg\u00fctungs- und Entsch\u00e4digungsgesetz (JVEG). <\/p>\n\n\n\n<p><\/p>\n","protected":false},"excerpt":{"rendered":"<p>Bei grenz\u00fcberschreitenden Projekten sind \u00dcbersetzungen unerl\u00e4sslich. Die Wahl des \u00dcbersetzers und \/oder Dolmetschers kann einen Einfluss auf Ihr Image haben bzw. (negative) rechtliche Konsequenzen nach sich ziehen. Ich bin durch die Pr\u00e4sidentin des Landgerichts Kassel allgemein erm\u00e4chtigte \u00dcbersetzerin f\u00fcr die Sprachen Russisch und Polnisch (Dolmetscher- und \u00dcbersetzerdatenbank) F\u00fcr Beh\u00f6rden und \u00f6ffentliche Einrichtungen gelten Preise laut&hellip;&nbsp;<a href=\"https:\/\/dama-moe.de\/en\/dienstleistung-5\/\" rel=\"bookmark\">Read More &raquo;<span class=\"screen-reader-text\">\u00dcbersetzungen (beglaubigt)<\/span><\/a><\/p>\n","protected":false},"author":1,"featured_media":0,"parent":0,"menu_order":0,"comment_status":"closed","ping_status":"closed","template":"","meta":{"neve_meta_sidebar":"","neve_meta_container":"","neve_meta_enable_content_width":"","neve_meta_content_width":0,"neve_meta_title_alignment":"","neve_meta_author_avatar":"","neve_post_elements_order":"","neve_meta_disable_header":"","neve_meta_disable_footer":"","neve_meta_disable_title":"","footnotes":""},"class_list":["post-484","page","type-page","status-publish","hentry"],"yoast_head":"<!-- This site is optimized with the Yoast SEO plugin v27.5 - https:\/\/yoast.com\/product\/yoast-seo-wordpress\/ -->\n<title>\u00dcbersetzungen (beglaubigt) - DAMA Project Management CEE<\/title>\n<meta name=\"robots\" content=\"index, follow, max-snippet:-1, max-image-preview:large, max-video-preview:-1\" \/>\n<link rel=\"canonical\" href=\"https:\/\/dama-moe.de\/en\/dienstleistung-5\/\" \/>\n<meta property=\"og:locale\" content=\"en_GB\" \/>\n<meta property=\"og:type\" content=\"article\" \/>\n<meta property=\"og:title\" content=\"\u00dcbersetzungen (beglaubigt) - DAMA Project Management CEE\" \/>\n<meta property=\"og:description\" content=\"Bei grenz\u00fcberschreitenden Projekten sind \u00dcbersetzungen unerl\u00e4sslich. Die Wahl des \u00dcbersetzers und \/oder Dolmetschers kann einen Einfluss auf Ihr Image haben bzw. (negative) rechtliche Konsequenzen nach sich ziehen. Ich bin durch die Pr\u00e4sidentin des Landgerichts Kassel allgemein erm\u00e4chtigte \u00dcbersetzerin f\u00fcr die Sprachen Russisch und Polnisch (Dolmetscher- und \u00dcbersetzerdatenbank) F\u00fcr Beh\u00f6rden und \u00f6ffentliche Einrichtungen gelten Preise laut&hellip;&nbsp;Read More &raquo;\u00dcbersetzungen (beglaubigt)\" \/>\n<meta property=\"og:url\" content=\"https:\/\/dama-moe.de\/en\/dienstleistung-5\/\" \/>\n<meta property=\"og:site_name\" content=\"DAMA Project Management CEE\" \/>\n<meta property=\"article:modified_time\" content=\"2023-02-09T12:31:29+00:00\" \/>\n<meta name=\"twitter:card\" content=\"summary_large_image\" \/>\n<script type=\"application\/ld+json\" class=\"yoast-schema-graph\">{\"@context\":\"https:\\\/\\\/schema.org\",\"@graph\":[{\"@type\":\"WebPage\",\"@id\":\"https:\\\/\\\/dama-moe.de\\\/en\\\/dienstleistung-5\\\/\",\"url\":\"https:\\\/\\\/dama-moe.de\\\/en\\\/dienstleistung-5\\\/\",\"name\":\"\u00dcbersetzungen (beglaubigt) - DAMA Project Management CEE\",\"isPartOf\":{\"@id\":\"https:\\\/\\\/dama-moe.de\\\/en\\\/#website\"},\"datePublished\":\"2023-02-09T11:54:56+00:00\",\"dateModified\":\"2023-02-09T12:31:29+00:00\",\"breadcrumb\":{\"@id\":\"https:\\\/\\\/dama-moe.de\\\/en\\\/dienstleistung-5\\\/#breadcrumb\"},\"inLanguage\":\"en-GB\",\"potentialAction\":[{\"@type\":\"ReadAction\",\"target\":[\"https:\\\/\\\/dama-moe.de\\\/en\\\/dienstleistung-5\\\/\"]}]},{\"@type\":\"BreadcrumbList\",\"@id\":\"https:\\\/\\\/dama-moe.de\\\/en\\\/dienstleistung-5\\\/#breadcrumb\",\"itemListElement\":[{\"@type\":\"ListItem\",\"position\":1,\"name\":\"Startseite\",\"item\":\"https:\\\/\\\/dama-moe.de\\\/en\\\/\"},{\"@type\":\"ListItem\",\"position\":2,\"name\":\"\u00dcbersetzungen (beglaubigt)\"}]},{\"@type\":\"WebSite\",\"@id\":\"https:\\\/\\\/dama-moe.de\\\/en\\\/#website\",\"url\":\"https:\\\/\\\/dama-moe.de\\\/en\\\/\",\"name\":\"DAMA Project Management CEE\",\"description\":\"Your competent partner in Germany and Central and Eastern Europe\",\"publisher\":{\"@id\":\"https:\\\/\\\/dama-moe.de\\\/en\\\/#organization\"},\"potentialAction\":[{\"@type\":\"SearchAction\",\"target\":{\"@type\":\"EntryPoint\",\"urlTemplate\":\"https:\\\/\\\/dama-moe.de\\\/en\\\/?s={search_term_string}\"},\"query-input\":{\"@type\":\"PropertyValueSpecification\",\"valueRequired\":true,\"valueName\":\"search_term_string\"}}],\"inLanguage\":\"en-GB\"},{\"@type\":\"Organization\",\"@id\":\"https:\\\/\\\/dama-moe.de\\\/en\\\/#organization\",\"name\":\"DAMA Project Management CEE\",\"url\":\"https:\\\/\\\/dama-moe.de\\\/en\\\/\",\"logo\":{\"@type\":\"ImageObject\",\"inLanguage\":\"en-GB\",\"@id\":\"https:\\\/\\\/dama-moe.de\\\/en\\\/#\\\/schema\\\/logo\\\/image\\\/\",\"url\":\"\",\"contentUrl\":\"\",\"caption\":\"DAMA Project Management CEE\"},\"image\":{\"@id\":\"https:\\\/\\\/dama-moe.de\\\/en\\\/#\\\/schema\\\/logo\\\/image\\\/\"}}]}<\/script>\n<!-- \/ Yoast SEO plugin. -->","yoast_head_json":{"title":"\u00dcbersetzungen (beglaubigt) - DAMA Project Management CEE","robots":{"index":"index","follow":"follow","max-snippet":"max-snippet:-1","max-image-preview":"max-image-preview:large","max-video-preview":"max-video-preview:-1"},"canonical":"https:\/\/dama-moe.de\/en\/dienstleistung-5\/","og_locale":"en_GB","og_type":"article","og_title":"\u00dcbersetzungen (beglaubigt) - DAMA Project Management CEE","og_description":"Bei grenz\u00fcberschreitenden Projekten sind \u00dcbersetzungen unerl\u00e4sslich. Die Wahl des \u00dcbersetzers und \/oder Dolmetschers kann einen Einfluss auf Ihr Image haben bzw. (negative) rechtliche Konsequenzen nach sich ziehen. Ich bin durch die Pr\u00e4sidentin des Landgerichts Kassel allgemein erm\u00e4chtigte \u00dcbersetzerin f\u00fcr die Sprachen Russisch und Polnisch (Dolmetscher- und \u00dcbersetzerdatenbank) F\u00fcr Beh\u00f6rden und \u00f6ffentliche Einrichtungen gelten Preise laut&hellip;&nbsp;Read More &raquo;\u00dcbersetzungen (beglaubigt)","og_url":"https:\/\/dama-moe.de\/en\/dienstleistung-5\/","og_site_name":"DAMA Project Management CEE","article_modified_time":"2023-02-09T12:31:29+00:00","twitter_card":"summary_large_image","schema":{"@context":"https:\/\/schema.org","@graph":[{"@type":"WebPage","@id":"https:\/\/dama-moe.de\/en\/dienstleistung-5\/","url":"https:\/\/dama-moe.de\/en\/dienstleistung-5\/","name":"\u00dcbersetzungen (beglaubigt) - DAMA Project Management CEE","isPartOf":{"@id":"https:\/\/dama-moe.de\/en\/#website"},"datePublished":"2023-02-09T11:54:56+00:00","dateModified":"2023-02-09T12:31:29+00:00","breadcrumb":{"@id":"https:\/\/dama-moe.de\/en\/dienstleistung-5\/#breadcrumb"},"inLanguage":"en-GB","potentialAction":[{"@type":"ReadAction","target":["https:\/\/dama-moe.de\/en\/dienstleistung-5\/"]}]},{"@type":"BreadcrumbList","@id":"https:\/\/dama-moe.de\/en\/dienstleistung-5\/#breadcrumb","itemListElement":[{"@type":"ListItem","position":1,"name":"Startseite","item":"https:\/\/dama-moe.de\/en\/"},{"@type":"ListItem","position":2,"name":"\u00dcbersetzungen (beglaubigt)"}]},{"@type":"WebSite","@id":"https:\/\/dama-moe.de\/en\/#website","url":"https:\/\/dama-moe.de\/en\/","name":"DAMA Project Management CEE","description":"Your competent partner in Germany and Central and Eastern Europe","publisher":{"@id":"https:\/\/dama-moe.de\/en\/#organization"},"potentialAction":[{"@type":"SearchAction","target":{"@type":"EntryPoint","urlTemplate":"https:\/\/dama-moe.de\/en\/?s={search_term_string}"},"query-input":{"@type":"PropertyValueSpecification","valueRequired":true,"valueName":"search_term_string"}}],"inLanguage":"en-GB"},{"@type":"Organization","@id":"https:\/\/dama-moe.de\/en\/#organization","name":"DAMA Project Management CEE","url":"https:\/\/dama-moe.de\/en\/","logo":{"@type":"ImageObject","inLanguage":"en-GB","@id":"https:\/\/dama-moe.de\/en\/#\/schema\/logo\/image\/","url":"","contentUrl":"","caption":"DAMA Project Management CEE"},"image":{"@id":"https:\/\/dama-moe.de\/en\/#\/schema\/logo\/image\/"}}]}},"_links":{"self":[{"href":"https:\/\/dama-moe.de\/en\/wp-json\/wp\/v2\/pages\/484","targetHints":{"allow":["GET"]}}],"collection":[{"href":"https:\/\/dama-moe.de\/en\/wp-json\/wp\/v2\/pages"}],"about":[{"href":"https:\/\/dama-moe.de\/en\/wp-json\/wp\/v2\/types\/page"}],"author":[{"embeddable":true,"href":"https:\/\/dama-moe.de\/en\/wp-json\/wp\/v2\/users\/1"}],"replies":[{"embeddable":true,"href":"https:\/\/dama-moe.de\/en\/wp-json\/wp\/v2\/comments?post=484"}],"version-history":[{"count":5,"href":"https:\/\/dama-moe.de\/en\/wp-json\/wp\/v2\/pages\/484\/revisions"}],"predecessor-version":[{"id":507,"href":"https:\/\/dama-moe.de\/en\/wp-json\/wp\/v2\/pages\/484\/revisions\/507"}],"wp:attachment":[{"href":"https:\/\/dama-moe.de\/en\/wp-json\/wp\/v2\/media?parent=484"}],"curies":[{"name":"wp","href":"https:\/\/api.w.org\/{rel}","templated":true}]}}