{"id":46,"date":"2023-02-01T16:43:58","date_gmt":"2023-02-01T15:43:58","guid":{"rendered":"http:\/\/test.dama-moe.de\/en\/?page_id=46"},"modified":"2023-02-03T20:11:06","modified_gmt":"2023-02-03T19:11:06","slug":"blog","status":"publish","type":"page","link":"https:\/\/dama-moe.de\/en\/blog\/","title":{"rendered":"Blog"},"content":{"rendered":"\n<p style=\"font-size:30px\"><strong>Wie wichtig ist die Kultur?&nbsp;<\/strong><\/p>\n\n\n\n<figure class=\"wp-block-image size-full\"><img loading=\"lazy\" decoding=\"async\" width=\"640\" height=\"426\" src=\"http:\/\/test.dama-moe.de\/en\/wp-content\/uploads\/sites\/7\/2023\/02\/Andere-Laender-andere-Sitten.png\" alt=\"\" class=\"wp-image-293\" srcset=\"https:\/\/dama-moe.de\/en\/wp-content\/uploads\/sites\/7\/2023\/02\/Andere-Laender-andere-Sitten.png 640w, https:\/\/dama-moe.de\/en\/wp-content\/uploads\/sites\/7\/2023\/02\/Andere-Laender-andere-Sitten-300x200.png 300w\" sizes=\"auto, (max-width: 640px) 100vw, 640px\" \/><\/figure>\n\n\n\n<p><em>Bild von sippakorn yamkasikorn auf pixabay<\/em><\/p>\n\n\n\n<p>International t\u00e4tige Unternehmen bieten als Werbeversprechen die beste Qualit\u00e4t, den besten Preis und eine Vielfalt an Produkten und Dienstleistungen an. Ihr internationales Aufstellen &#8211; \u00fcber Niederlassungen, Produktionsst\u00e4tten, Vertriebspartner, Influencer etc. &#8211; bietet ihnen unz\u00e4hlige M\u00f6glichkeiten, um ihren Umsatz zu steigern, viele Konsumenten zu erreichen und ihre Marke im Ausland bekannter zu machen. Daf\u00fcr werden teure Marketingstrategien entwickelt, kostenintensive Werbefilme gedreht &#8211; nicht selten f\u00fcr mehrere L\u00e4nder gleich. Manche Unternehmen haben damit einen gro\u00dfen Erfolg, manche tragen einen enormen Imageschaden davon, der mit gro\u00dfen monet\u00e4ren Verlusten einhergeht.<\/p>\n\n\n\n<p>Aber Marketing ist nicht nur f\u00fcr gro\u00dfe Unternehmen von Bedeutung. Auch kleine Firmen m\u00fcssen sich mit dem Thema Marketing besch\u00e4ftigen, wenn sie ihre Produkte an den Mann oder die Frau bringen wollen. Dabei wird &#8211; ob von gro\u00df oder klein &#8211; die Aufmerksamkeit zuerst u.a. auf die Produte, L\u00f6sungen und die Zielgruppe gelenkt. Gleichzeitig vergessen viele Firmen ganz oft, dass einer der Schl\u00fcsselfaktoren, die unbedingt bei einer Expansion bzw. Vertrieb ber\u00fccksichtigt werden m\u00fcssen, das Thema \u201eKultur \/ Mentalit\u00e4t\u201c ist. Es gab in der Vergangenheit mehrere Beispiele von bekannten Firmen, die dabei ins Fettn\u00e4pfchen getreten sind<\/p>\n\n\n\n<!--more-->\n\n\n\n<p>Ein Beispiel ist mir besonders in Erinnerung geblieben, weil es m.E. sehr kurios ist &#8211; es ist die Expansion der US-Firma Gerber, die heute ein Teil von Nestl\u00e9 ist, auf den afrikanischen Kontinent. Beim Export nach Afrika ist der Firma ein gro\u00dfer Marketingfehler unterlaufen, der das Unternehmen viel Geld kostete und beinahe das Afrika-Gesch\u00e4ft ruinierte. Afrika besteht aus mehreren souver\u00e4nen Staaten, die unterschiedlich entwickelt sind, aber auch unterschiedliche soziale und wirtschaftliche Probleme haben. Trotzdem haben die meisten Afrikaner unterhalb von Sahara eine \u00e4hnliche Kultur, Verhaltensweisen und \u00dcberzeugungen. Sehr viele Menschen k\u00f6nnen dort nicht lesen und schreiben. Daher versehen (lokale) Unternehmen die Verpackungen mit Bildern dessen, was die Produkte beinhalten, damit der Endkunde versteht, was er kauft.&nbsp;<\/p>\n\n\n\n<p>Firma Gerber hat diese \u201ewinzige\u201c Besonderheit nicht beachtet und begann mit dem Verkauf von Babynahrung in Afrika, ohne die Verpackung zu \u00e4ndern. Allerdings beinhaltet das Logo von Gerber den Kopf eines Babys\u2026 Es ist nicht verwunderlich, dass die Produkte trotz hoher Qualit\u00e4t kaum Absatz fanden.<\/p>\n\n\n\n<p>Das ist ein m.E. gutes Beispiel daf\u00fcr, dass auch gro\u00dfe Unternehmen &#8211; trotz ihrer globalen Erfahrung und finanziellen M\u00f6glichkeiten &#8211; ihre Hausaufgaben nicht gr\u00fcndlich machen, nicht genug recherchieren und ihren neuen Markt nicht ausreichend analysieren, weil sie wom\u00f6glich davon ausgehen, dass sie bereits zu bekannt sind und etwaige Fehler ihnen schnell vergeben werden.&nbsp;<\/p>\n\n\n\n<p>Jede Nationalit\u00e4t, jedes Land hat seine einzigartige Kultur, mit seiner Geschichte, Musik, Kunst, seine Gewohnheiten, \u00dcberzeugen, Werte und Denkweise. Manche sind modern, manche fortschrittlich, aber gleichzeitig auch abergl\u00e4ubisch. Daher ist es so wichtig, sich beim Export von Produkten und Dienstleistungen oder im Falle einer erweiterten Expansion den jeweiligen kulturellen und verhaltensorientierten Gegebenheiten des jeweiligen Landes anzupassen. Insbesondere mit Fokus auf politische und religi\u00f6se Besonderheiten und Symbole, ein Thema, das auch in Europa gerade zu Weihnachtszeit eine gro\u00dfe Rolle spielt. Denn nicht selten ist es so, dass gro\u00dfe Konzerne einen Weihnachtsspot f\u00fcr mehrere L\u00e4nder produzieren lassen, aber was dem Polen gef\u00e4llt, mu\u00df nicht den Franzosen erfreuen.&nbsp;<\/p>\n\n\n\n<p class=\"has-medium-font-size\"><strong>Investitionen, die sich lohnen!<\/strong><\/p>\n\n\n\n<p>Die Einf\u00fchrung eines neuen Produktes oder einer Dienstleitung auf einen fremden Markt bringt Chancen, birgt aber auch Risiken. In den wenigsten F\u00e4llen h\u00e4ngt dies mit der Qualit\u00e4t des Produktes \/ der Dienstleistung zusammen, es h\u00e4ngt eher davon ab, WIE das Produkt \/ die Dienstleistung auf den Markt gebracht wird: u.a. Verpackung, Slogan, Vertriebskan\u00e4le, Zielgruppe, Bed\u00fcrfnisse, L\u00f6sungen, Werbung, religi\u00f6se Symbolik und Werte &#8211; das alles mu\u00df VOR der Expansion und in einem Marketingplan ber\u00fccksichtigt werden.<\/p>\n\n\n\n<p>Was z\u00e4hlt f\u00fcr die Menschen im neuen Markt? Ist es der Preis oder doch lieber die Qualit\u00e4t? Wie sieht die Verhandlungstaktik aus? Wer ist der Entscheidungstr\u00e4ger? Was darf der Verhandlungsf\u00fchrer?&nbsp; Geniessen einige Nationalit\u00e4ten besondere Sympathien? Wie wichtig ist die \u201erichtige\u201c Religion, gibt es eine bestimmte Symbolik, die absolut tabu ist? Fragen \u00fcber Fragen.&nbsp;<\/p>\n\n\n\n<p>Gr\u00fcndliche Vorabrecherchen sind also das A und O einer Expansion. Dazu geh\u00f6ren nicht nur die \u201ewichtigen&#8221; Faktoren wie eine Marktanalyse (SWOT), die Suche nach Vertriebspartnern oder einem Standort, aber auch die weniger \u201ewichtigen\u201c Merkmale der Kultur und der Denkweise der Zielgruppe.&nbsp;<\/p>\n\n\n\n<p>Bei einer Internationalisierung werden sehr oft Regionen zu EINEM Markt geschlossen. Wir sprechen von Westeuropa, S\u00fcdamerika, Osteuropa und vergessen dabei, dass diese Regionen aus mehreren L\u00e4ndern mit unterschiedlichen Kulturen und Mentalit\u00e4ten bestehen. Wenn expandierende Unternehmen auch das beachten, dann steht ihnen jeder Markt offen.<\/p>\n\n\n\n<p>Daria Mak-Walther<\/p>\n\n\n\n<p>31.01.2023<\/p>\n","protected":false},"excerpt":{"rendered":"<p>Wie wichtig ist die Kultur?&nbsp; Bild von sippakorn yamkasikorn auf pixabay International t\u00e4tige Unternehmen bieten als Werbeversprechen die beste Qualit\u00e4t, den besten Preis und eine Vielfalt an Produkten und Dienstleistungen an. Ihr internationales Aufstellen &#8211; \u00fcber Niederlassungen, Produktionsst\u00e4tten, Vertriebspartner, Influencer etc. &#8211; bietet ihnen unz\u00e4hlige M\u00f6glichkeiten, um ihren Umsatz zu steigern, viele Konsumenten zu erreichen&hellip;&nbsp;<a href=\"https:\/\/dama-moe.de\/en\/blog\/\" rel=\"bookmark\">Read More &raquo;<span class=\"screen-reader-text\">Blog<\/span><\/a><\/p>\n","protected":false},"author":1,"featured_media":0,"parent":0,"menu_order":0,"comment_status":"closed","ping_status":"closed","template":"","meta":{"neve_meta_sidebar":"","neve_meta_container":"","neve_meta_enable_content_width":"on","neve_meta_content_width":100,"neve_meta_title_alignment":"","neve_meta_author_avatar":"","neve_post_elements_order":"","neve_meta_disable_header":"","neve_meta_disable_footer":"","neve_meta_disable_title":"on","footnotes":""},"class_list":["post-46","page","type-page","status-publish","hentry"],"yoast_head":"<!-- This site is optimized with the Yoast SEO plugin v27.4 - https:\/\/yoast.com\/product\/yoast-seo-wordpress\/ -->\n<title>Blog - DAMA Project Management CEE<\/title>\n<meta name=\"robots\" content=\"index, follow, max-snippet:-1, max-image-preview:large, max-video-preview:-1\" \/>\n<link rel=\"canonical\" href=\"https:\/\/dama-moe.de\/en\/blog\/\" \/>\n<meta property=\"og:locale\" content=\"en_GB\" \/>\n<meta property=\"og:type\" content=\"article\" \/>\n<meta property=\"og:title\" content=\"Blog - DAMA Project Management CEE\" \/>\n<meta property=\"og:description\" content=\"Wie wichtig ist die Kultur?&nbsp; Bild von sippakorn yamkasikorn auf pixabay International t\u00e4tige Unternehmen bieten als Werbeversprechen die beste Qualit\u00e4t, den besten Preis und eine Vielfalt an Produkten und Dienstleistungen an. Ihr internationales Aufstellen &#8211; \u00fcber Niederlassungen, Produktionsst\u00e4tten, Vertriebspartner, Influencer etc. &#8211; bietet ihnen unz\u00e4hlige M\u00f6glichkeiten, um ihren Umsatz zu steigern, viele Konsumenten zu erreichen&hellip;&nbsp;Read More &raquo;Blog\" \/>\n<meta property=\"og:url\" content=\"https:\/\/dama-moe.de\/en\/blog\/\" \/>\n<meta property=\"og:site_name\" content=\"DAMA Project Management CEE\" \/>\n<meta property=\"article:modified_time\" content=\"2023-02-03T19:11:06+00:00\" \/>\n<meta property=\"og:image\" content=\"https:\/\/dama-moe.de\/en\/wp-content\/uploads\/sites\/7\/2023\/02\/Andere-Laender-andere-Sitten.png\" \/>\n\t<meta property=\"og:image:width\" content=\"640\" \/>\n\t<meta property=\"og:image:height\" content=\"426\" \/>\n\t<meta property=\"og:image:type\" content=\"image\/png\" \/>\n<meta name=\"twitter:card\" content=\"summary_large_image\" \/>\n<meta name=\"twitter:label1\" content=\"Estimated reading time\" \/>\n\t<meta name=\"twitter:data1\" content=\"4 minutes\" \/>\n<script type=\"application\/ld+json\" class=\"yoast-schema-graph\">{\"@context\":\"https:\\\/\\\/schema.org\",\"@graph\":[{\"@type\":[\"WebPage\",\"CollectionPage\"],\"@id\":\"https:\\\/\\\/dama-moe.de\\\/en\\\/blog\\\/\",\"url\":\"https:\\\/\\\/dama-moe.de\\\/en\\\/blog\\\/\",\"name\":\"Blog - DAMA Project Management CEE\",\"isPartOf\":{\"@id\":\"https:\\\/\\\/dama-moe.de\\\/en\\\/#website\"},\"primaryImageOfPage\":{\"@id\":\"https:\\\/\\\/dama-moe.de\\\/en\\\/blog\\\/#primaryimage\"},\"image\":{\"@id\":\"https:\\\/\\\/dama-moe.de\\\/en\\\/blog\\\/#primaryimage\"},\"thumbnailUrl\":\"http:\\\/\\\/test.dama-moe.de\\\/en\\\/wp-content\\\/uploads\\\/sites\\\/7\\\/2023\\\/02\\\/Andere-Laender-andere-Sitten.png\",\"datePublished\":\"2023-02-01T15:43:58+00:00\",\"dateModified\":\"2023-02-03T19:11:06+00:00\",\"breadcrumb\":{\"@id\":\"https:\\\/\\\/dama-moe.de\\\/en\\\/blog\\\/#breadcrumb\"},\"inLanguage\":\"en-GB\"},{\"@type\":\"ImageObject\",\"inLanguage\":\"en-GB\",\"@id\":\"https:\\\/\\\/dama-moe.de\\\/en\\\/blog\\\/#primaryimage\",\"url\":\"http:\\\/\\\/test.dama-moe.de\\\/en\\\/wp-content\\\/uploads\\\/sites\\\/7\\\/2023\\\/02\\\/Andere-Laender-andere-Sitten.png\",\"contentUrl\":\"http:\\\/\\\/test.dama-moe.de\\\/en\\\/wp-content\\\/uploads\\\/sites\\\/7\\\/2023\\\/02\\\/Andere-Laender-andere-Sitten.png\"},{\"@type\":\"BreadcrumbList\",\"@id\":\"https:\\\/\\\/dama-moe.de\\\/en\\\/blog\\\/#breadcrumb\",\"itemListElement\":[{\"@type\":\"ListItem\",\"position\":1,\"name\":\"Startseite\",\"item\":\"https:\\\/\\\/dama-moe.de\\\/en\\\/\"},{\"@type\":\"ListItem\",\"position\":2,\"name\":\"Blog\"}]},{\"@type\":\"WebSite\",\"@id\":\"https:\\\/\\\/dama-moe.de\\\/en\\\/#website\",\"url\":\"https:\\\/\\\/dama-moe.de\\\/en\\\/\",\"name\":\"DAMA Project Management CEE\",\"description\":\"Your competent partner in Germany and Central and Eastern Europe\",\"publisher\":{\"@id\":\"https:\\\/\\\/dama-moe.de\\\/en\\\/#organization\"},\"potentialAction\":[{\"@type\":\"SearchAction\",\"target\":{\"@type\":\"EntryPoint\",\"urlTemplate\":\"https:\\\/\\\/dama-moe.de\\\/en\\\/?s={search_term_string}\"},\"query-input\":{\"@type\":\"PropertyValueSpecification\",\"valueRequired\":true,\"valueName\":\"search_term_string\"}}],\"inLanguage\":\"en-GB\"},{\"@type\":\"Organization\",\"@id\":\"https:\\\/\\\/dama-moe.de\\\/en\\\/#organization\",\"name\":\"DAMA Project Management CEE\",\"url\":\"https:\\\/\\\/dama-moe.de\\\/en\\\/\",\"logo\":{\"@type\":\"ImageObject\",\"inLanguage\":\"en-GB\",\"@id\":\"https:\\\/\\\/dama-moe.de\\\/en\\\/#\\\/schema\\\/logo\\\/image\\\/\",\"url\":\"\",\"contentUrl\":\"\",\"caption\":\"DAMA Project Management CEE\"},\"image\":{\"@id\":\"https:\\\/\\\/dama-moe.de\\\/en\\\/#\\\/schema\\\/logo\\\/image\\\/\"}}]}<\/script>\n<!-- \/ Yoast SEO plugin. -->","yoast_head_json":{"title":"Blog - DAMA Project Management CEE","robots":{"index":"index","follow":"follow","max-snippet":"max-snippet:-1","max-image-preview":"max-image-preview:large","max-video-preview":"max-video-preview:-1"},"canonical":"https:\/\/dama-moe.de\/en\/blog\/","og_locale":"en_GB","og_type":"article","og_title":"Blog - DAMA Project Management CEE","og_description":"Wie wichtig ist die Kultur?&nbsp; Bild von sippakorn yamkasikorn auf pixabay International t\u00e4tige Unternehmen bieten als Werbeversprechen die beste Qualit\u00e4t, den besten Preis und eine Vielfalt an Produkten und Dienstleistungen an. Ihr internationales Aufstellen &#8211; \u00fcber Niederlassungen, Produktionsst\u00e4tten, Vertriebspartner, Influencer etc. &#8211; bietet ihnen unz\u00e4hlige M\u00f6glichkeiten, um ihren Umsatz zu steigern, viele Konsumenten zu erreichen&hellip;&nbsp;Read More &raquo;Blog","og_url":"https:\/\/dama-moe.de\/en\/blog\/","og_site_name":"DAMA Project Management CEE","article_modified_time":"2023-02-03T19:11:06+00:00","og_image":[{"width":640,"height":426,"url":"https:\/\/dama-moe.de\/en\/wp-content\/uploads\/sites\/7\/2023\/02\/Andere-Laender-andere-Sitten.png","type":"image\/png"}],"twitter_card":"summary_large_image","twitter_misc":{"Estimated reading time":"4 minutes"},"schema":{"@context":"https:\/\/schema.org","@graph":[{"@type":["WebPage","CollectionPage"],"@id":"https:\/\/dama-moe.de\/en\/blog\/","url":"https:\/\/dama-moe.de\/en\/blog\/","name":"Blog - DAMA Project Management CEE","isPartOf":{"@id":"https:\/\/dama-moe.de\/en\/#website"},"primaryImageOfPage":{"@id":"https:\/\/dama-moe.de\/en\/blog\/#primaryimage"},"image":{"@id":"https:\/\/dama-moe.de\/en\/blog\/#primaryimage"},"thumbnailUrl":"http:\/\/test.dama-moe.de\/en\/wp-content\/uploads\/sites\/7\/2023\/02\/Andere-Laender-andere-Sitten.png","datePublished":"2023-02-01T15:43:58+00:00","dateModified":"2023-02-03T19:11:06+00:00","breadcrumb":{"@id":"https:\/\/dama-moe.de\/en\/blog\/#breadcrumb"},"inLanguage":"en-GB"},{"@type":"ImageObject","inLanguage":"en-GB","@id":"https:\/\/dama-moe.de\/en\/blog\/#primaryimage","url":"http:\/\/test.dama-moe.de\/en\/wp-content\/uploads\/sites\/7\/2023\/02\/Andere-Laender-andere-Sitten.png","contentUrl":"http:\/\/test.dama-moe.de\/en\/wp-content\/uploads\/sites\/7\/2023\/02\/Andere-Laender-andere-Sitten.png"},{"@type":"BreadcrumbList","@id":"https:\/\/dama-moe.de\/en\/blog\/#breadcrumb","itemListElement":[{"@type":"ListItem","position":1,"name":"Startseite","item":"https:\/\/dama-moe.de\/en\/"},{"@type":"ListItem","position":2,"name":"Blog"}]},{"@type":"WebSite","@id":"https:\/\/dama-moe.de\/en\/#website","url":"https:\/\/dama-moe.de\/en\/","name":"DAMA Project Management CEE","description":"Your competent partner in Germany and Central and Eastern Europe","publisher":{"@id":"https:\/\/dama-moe.de\/en\/#organization"},"potentialAction":[{"@type":"SearchAction","target":{"@type":"EntryPoint","urlTemplate":"https:\/\/dama-moe.de\/en\/?s={search_term_string}"},"query-input":{"@type":"PropertyValueSpecification","valueRequired":true,"valueName":"search_term_string"}}],"inLanguage":"en-GB"},{"@type":"Organization","@id":"https:\/\/dama-moe.de\/en\/#organization","name":"DAMA Project Management CEE","url":"https:\/\/dama-moe.de\/en\/","logo":{"@type":"ImageObject","inLanguage":"en-GB","@id":"https:\/\/dama-moe.de\/en\/#\/schema\/logo\/image\/","url":"","contentUrl":"","caption":"DAMA Project Management CEE"},"image":{"@id":"https:\/\/dama-moe.de\/en\/#\/schema\/logo\/image\/"}}]}},"_links":{"self":[{"href":"https:\/\/dama-moe.de\/en\/wp-json\/wp\/v2\/pages\/46","targetHints":{"allow":["GET"]}}],"collection":[{"href":"https:\/\/dama-moe.de\/en\/wp-json\/wp\/v2\/pages"}],"about":[{"href":"https:\/\/dama-moe.de\/en\/wp-json\/wp\/v2\/types\/page"}],"author":[{"embeddable":true,"href":"https:\/\/dama-moe.de\/en\/wp-json\/wp\/v2\/users\/1"}],"replies":[{"embeddable":true,"href":"https:\/\/dama-moe.de\/en\/wp-json\/wp\/v2\/comments?post=46"}],"version-history":[{"count":4,"href":"https:\/\/dama-moe.de\/en\/wp-json\/wp\/v2\/pages\/46\/revisions"}],"predecessor-version":[{"id":310,"href":"https:\/\/dama-moe.de\/en\/wp-json\/wp\/v2\/pages\/46\/revisions\/310"}],"wp:attachment":[{"href":"https:\/\/dama-moe.de\/en\/wp-json\/wp\/v2\/media?parent=46"}],"curies":[{"name":"wp","href":"https:\/\/api.w.org\/{rel}","templated":true}]}}