{"id":257,"date":"2023-02-03T15:23:03","date_gmt":"2023-02-03T14:23:03","guid":{"rendered":"http:\/\/test.dama-moe.de\/en\/?page_id=257"},"modified":"2023-02-03T15:26:05","modified_gmt":"2023-02-03T14:26:05","slug":"interim-management","status":"publish","type":"page","link":"https:\/\/dama-moe.de\/en\/interim-management\/","title":{"rendered":"Interim Management"},"content":{"rendered":"\n<p>Verf\u00fcgt Ihr Unternehmen \u00fcber kein geeignetes Personal oder keine Erfahrung im Bereich Expansion nach Mittel- und Osteuropa, k\u00f6nnen Fehler entstehen, die langfristig kostenintensiv f\u00fcr Ihr Unternehmen sein k\u00f6nnten.<\/p>\n\n\n\n<ul class=\"wp-block-list\">\n<li>Auslandserfolg bleibt aus, weil niemand da ist oder die Zeit hat, sich mit Ihrer Frage gr\u00fcndlich und professionell zu besch\u00e4ftigen?<\/li>\n\n\n\n<li>Sie haben Personalengp\u00e4sse und Ihre Aussenwirtschaftstabteilung ben\u00f6tigt Unterst\u00fctzung?<\/li>\n\n\n\n<li>In Ihrem Unternehmen gibt es keinen, der sich auch mit f\u00fcr Ihren Internationalisierungserfolg zwar sehr wichtigen, aber zeitintensiven Aufgaben besch\u00e4ftigt wie Markt- und Wettbewerbsbeobachtung, Entwicklung und Umsetzung von Marketing- und Vertriebsstrategien, Ausbau und Pflege des H\u00e4ndlernetzes und Repr\u00e4sentation auf internationalen Messen?<\/li>\n<\/ul>\n\n\n\n<p>In diesem Fall kann die Einbeziehung externer Fachleute Abhilfe schaffen. Die Realisierung der Expansionsstrategie in Mittel- und Osteuropa, insbesondere in Polen und der GUS, kann im Rahmen des Interim-Managements erfolgen. Diese Dienstleistung biete ich ebenfalls an. Gest\u00fctzt auf Wissen, jahrelange Erfahrung, Kontaktnetz und Sprachkenntnisse sowie unter Ber\u00fccksichtigung von Mentalit\u00e4tsunterschieden kann ich Ihnen Entwicklungen in die geeignete Richtung vorschlagen, Ihnen helfen, Potentiale auszusch\u00f6pfen und Ihre Osteuropagesch\u00e4fte vorantreiben.<\/p>\n","protected":false},"excerpt":{"rendered":"<p>Verf\u00fcgt Ihr Unternehmen \u00fcber kein geeignetes Personal oder keine Erfahrung im Bereich Expansion nach Mittel- und Osteuropa, k\u00f6nnen Fehler entstehen, die langfristig kostenintensiv f\u00fcr Ihr Unternehmen sein k\u00f6nnten. In diesem Fall kann die Einbeziehung externer Fachleute Abhilfe schaffen. Die Realisierung der Expansionsstrategie in Mittel- und Osteuropa, insbesondere in Polen und der GUS, kann im Rahmen&hellip;&nbsp;<a href=\"https:\/\/dama-moe.de\/en\/interim-management\/\" rel=\"bookmark\">Read More &raquo;<span class=\"screen-reader-text\">Interim Management<\/span><\/a><\/p>\n","protected":false},"author":1,"featured_media":0,"parent":0,"menu_order":0,"comment_status":"closed","ping_status":"closed","template":"","meta":{"neve_meta_sidebar":"","neve_meta_container":"","neve_meta_enable_content_width":"","neve_meta_content_width":0,"neve_meta_title_alignment":"","neve_meta_author_avatar":"","neve_post_elements_order":"","neve_meta_disable_header":"","neve_meta_disable_footer":"","neve_meta_disable_title":"","footnotes":""},"class_list":["post-257","page","type-page","status-publish","hentry"],"yoast_head":"<!-- This site is optimized with the Yoast SEO plugin v27.5 - https:\/\/yoast.com\/product\/yoast-seo-wordpress\/ -->\n<title>Interim Management - DAMA Project Management CEE<\/title>\n<meta name=\"robots\" content=\"index, follow, max-snippet:-1, max-image-preview:large, max-video-preview:-1\" \/>\n<link rel=\"canonical\" href=\"https:\/\/dama-moe.de\/en\/interim-management\/\" \/>\n<meta property=\"og:locale\" content=\"en_GB\" \/>\n<meta property=\"og:type\" content=\"article\" \/>\n<meta property=\"og:title\" content=\"Interim Management - DAMA Project Management CEE\" \/>\n<meta property=\"og:description\" content=\"Verf\u00fcgt Ihr Unternehmen \u00fcber kein geeignetes Personal oder keine Erfahrung im Bereich Expansion nach Mittel- und Osteuropa, k\u00f6nnen Fehler entstehen, die langfristig kostenintensiv f\u00fcr Ihr Unternehmen sein k\u00f6nnten. In diesem Fall kann die Einbeziehung externer Fachleute Abhilfe schaffen. Die Realisierung der Expansionsstrategie in Mittel- und Osteuropa, insbesondere in Polen und der GUS, kann im Rahmen&hellip;&nbsp;Read More &raquo;Interim Management\" \/>\n<meta property=\"og:url\" content=\"https:\/\/dama-moe.de\/en\/interim-management\/\" \/>\n<meta property=\"og:site_name\" content=\"DAMA Project Management CEE\" \/>\n<meta property=\"article:modified_time\" content=\"2023-02-03T14:26:05+00:00\" \/>\n<meta name=\"twitter:card\" content=\"summary_large_image\" \/>\n<meta name=\"twitter:label1\" content=\"Estimated reading time\" \/>\n\t<meta name=\"twitter:data1\" content=\"1 minute\" \/>\n<script type=\"application\/ld+json\" class=\"yoast-schema-graph\">{\"@context\":\"https:\\\/\\\/schema.org\",\"@graph\":[{\"@type\":\"WebPage\",\"@id\":\"https:\\\/\\\/dama-moe.de\\\/en\\\/interim-management\\\/\",\"url\":\"https:\\\/\\\/dama-moe.de\\\/en\\\/interim-management\\\/\",\"name\":\"Interim Management - DAMA Project Management CEE\",\"isPartOf\":{\"@id\":\"https:\\\/\\\/dama-moe.de\\\/en\\\/#website\"},\"datePublished\":\"2023-02-03T14:23:03+00:00\",\"dateModified\":\"2023-02-03T14:26:05+00:00\",\"breadcrumb\":{\"@id\":\"https:\\\/\\\/dama-moe.de\\\/en\\\/interim-management\\\/#breadcrumb\"},\"inLanguage\":\"en-GB\",\"potentialAction\":[{\"@type\":\"ReadAction\",\"target\":[\"https:\\\/\\\/dama-moe.de\\\/en\\\/interim-management\\\/\"]}]},{\"@type\":\"BreadcrumbList\",\"@id\":\"https:\\\/\\\/dama-moe.de\\\/en\\\/interim-management\\\/#breadcrumb\",\"itemListElement\":[{\"@type\":\"ListItem\",\"position\":1,\"name\":\"Startseite\",\"item\":\"https:\\\/\\\/dama-moe.de\\\/en\\\/\"},{\"@type\":\"ListItem\",\"position\":2,\"name\":\"Interim Management\"}]},{\"@type\":\"WebSite\",\"@id\":\"https:\\\/\\\/dama-moe.de\\\/en\\\/#website\",\"url\":\"https:\\\/\\\/dama-moe.de\\\/en\\\/\",\"name\":\"DAMA Project Management CEE\",\"description\":\"Your competent partner in Germany and Central and Eastern Europe\",\"publisher\":{\"@id\":\"https:\\\/\\\/dama-moe.de\\\/en\\\/#organization\"},\"potentialAction\":[{\"@type\":\"SearchAction\",\"target\":{\"@type\":\"EntryPoint\",\"urlTemplate\":\"https:\\\/\\\/dama-moe.de\\\/en\\\/?s={search_term_string}\"},\"query-input\":{\"@type\":\"PropertyValueSpecification\",\"valueRequired\":true,\"valueName\":\"search_term_string\"}}],\"inLanguage\":\"en-GB\"},{\"@type\":\"Organization\",\"@id\":\"https:\\\/\\\/dama-moe.de\\\/en\\\/#organization\",\"name\":\"DAMA Project Management CEE\",\"url\":\"https:\\\/\\\/dama-moe.de\\\/en\\\/\",\"logo\":{\"@type\":\"ImageObject\",\"inLanguage\":\"en-GB\",\"@id\":\"https:\\\/\\\/dama-moe.de\\\/en\\\/#\\\/schema\\\/logo\\\/image\\\/\",\"url\":\"\",\"contentUrl\":\"\",\"caption\":\"DAMA Project Management CEE\"},\"image\":{\"@id\":\"https:\\\/\\\/dama-moe.de\\\/en\\\/#\\\/schema\\\/logo\\\/image\\\/\"}}]}<\/script>\n<!-- \/ Yoast SEO plugin. -->","yoast_head_json":{"title":"Interim Management - DAMA Project Management CEE","robots":{"index":"index","follow":"follow","max-snippet":"max-snippet:-1","max-image-preview":"max-image-preview:large","max-video-preview":"max-video-preview:-1"},"canonical":"https:\/\/dama-moe.de\/en\/interim-management\/","og_locale":"en_GB","og_type":"article","og_title":"Interim Management - DAMA Project Management CEE","og_description":"Verf\u00fcgt Ihr Unternehmen \u00fcber kein geeignetes Personal oder keine Erfahrung im Bereich Expansion nach Mittel- und Osteuropa, k\u00f6nnen Fehler entstehen, die langfristig kostenintensiv f\u00fcr Ihr Unternehmen sein k\u00f6nnten. In diesem Fall kann die Einbeziehung externer Fachleute Abhilfe schaffen. Die Realisierung der Expansionsstrategie in Mittel- und Osteuropa, insbesondere in Polen und der GUS, kann im Rahmen&hellip;&nbsp;Read More &raquo;Interim Management","og_url":"https:\/\/dama-moe.de\/en\/interim-management\/","og_site_name":"DAMA Project Management CEE","article_modified_time":"2023-02-03T14:26:05+00:00","twitter_card":"summary_large_image","twitter_misc":{"Estimated reading time":"1 minute"},"schema":{"@context":"https:\/\/schema.org","@graph":[{"@type":"WebPage","@id":"https:\/\/dama-moe.de\/en\/interim-management\/","url":"https:\/\/dama-moe.de\/en\/interim-management\/","name":"Interim Management - DAMA Project Management CEE","isPartOf":{"@id":"https:\/\/dama-moe.de\/en\/#website"},"datePublished":"2023-02-03T14:23:03+00:00","dateModified":"2023-02-03T14:26:05+00:00","breadcrumb":{"@id":"https:\/\/dama-moe.de\/en\/interim-management\/#breadcrumb"},"inLanguage":"en-GB","potentialAction":[{"@type":"ReadAction","target":["https:\/\/dama-moe.de\/en\/interim-management\/"]}]},{"@type":"BreadcrumbList","@id":"https:\/\/dama-moe.de\/en\/interim-management\/#breadcrumb","itemListElement":[{"@type":"ListItem","position":1,"name":"Startseite","item":"https:\/\/dama-moe.de\/en\/"},{"@type":"ListItem","position":2,"name":"Interim Management"}]},{"@type":"WebSite","@id":"https:\/\/dama-moe.de\/en\/#website","url":"https:\/\/dama-moe.de\/en\/","name":"DAMA Project Management CEE","description":"Your competent partner in Germany and Central and Eastern Europe","publisher":{"@id":"https:\/\/dama-moe.de\/en\/#organization"},"potentialAction":[{"@type":"SearchAction","target":{"@type":"EntryPoint","urlTemplate":"https:\/\/dama-moe.de\/en\/?s={search_term_string}"},"query-input":{"@type":"PropertyValueSpecification","valueRequired":true,"valueName":"search_term_string"}}],"inLanguage":"en-GB"},{"@type":"Organization","@id":"https:\/\/dama-moe.de\/en\/#organization","name":"DAMA Project Management CEE","url":"https:\/\/dama-moe.de\/en\/","logo":{"@type":"ImageObject","inLanguage":"en-GB","@id":"https:\/\/dama-moe.de\/en\/#\/schema\/logo\/image\/","url":"","contentUrl":"","caption":"DAMA Project Management CEE"},"image":{"@id":"https:\/\/dama-moe.de\/en\/#\/schema\/logo\/image\/"}}]}},"_links":{"self":[{"href":"https:\/\/dama-moe.de\/en\/wp-json\/wp\/v2\/pages\/257","targetHints":{"allow":["GET"]}}],"collection":[{"href":"https:\/\/dama-moe.de\/en\/wp-json\/wp\/v2\/pages"}],"about":[{"href":"https:\/\/dama-moe.de\/en\/wp-json\/wp\/v2\/types\/page"}],"author":[{"embeddable":true,"href":"https:\/\/dama-moe.de\/en\/wp-json\/wp\/v2\/users\/1"}],"replies":[{"embeddable":true,"href":"https:\/\/dama-moe.de\/en\/wp-json\/wp\/v2\/comments?post=257"}],"version-history":[{"count":1,"href":"https:\/\/dama-moe.de\/en\/wp-json\/wp\/v2\/pages\/257\/revisions"}],"predecessor-version":[{"id":259,"href":"https:\/\/dama-moe.de\/en\/wp-json\/wp\/v2\/pages\/257\/revisions\/259"}],"wp:attachment":[{"href":"https:\/\/dama-moe.de\/en\/wp-json\/wp\/v2\/media?parent=257"}],"curies":[{"name":"wp","href":"https:\/\/api.w.org\/{rel}","templated":true}]}}